{"id":18434,"date":"2026-04-02T18:27:22","date_gmt":"2026-04-02T18:27:22","guid":{"rendered":"https:\/\/topofclimb.es\/?post_type=product&#038;p=18434"},"modified":"2026-04-02T18:27:22","modified_gmt":"2026-04-02T18:27:22","slug":"helice-decorativa-de-madera-wwi-vintage-star-tamano-pequeno","status":"publish","type":"product","link":"https:\/\/topofclimb.es\/en\/product\/helice-decorativa-de-madera-wwi-vintage-star-tamano-pequeno\/","title":{"rendered":"H\u00e9lice decorativa de madera WWI Vintage Star (tama\u00f1o peque\u00f1o)"},"content":{"rendered":"<p data-start=\"111\" data-end=\"330\">Elegante <strong data-start=\"129\" data-end=\"184\">h\u00e9lice decorativa de madera estilo WWI Vintage Star<\/strong>, inspirada en las h\u00e9lices de los aviones de la Primera Guerra Mundial. Una pieza con gran valor est\u00e9tico que combina historia, dise\u00f1o y car\u00e1cter.<\/p>\n<p data-start=\"332\" data-end=\"593\">Destaca por su <strong data-start=\"347\" data-end=\"378\">emblema de estrella central<\/strong>, un detalle distintivo que evoca el esp\u00edritu de los primeros aviadores y la innovaci\u00f3n de la aviaci\u00f3n cl\u00e1sica. Fabricada en madera con acabado cuidado, reproduce las formas y proporciones de las h\u00e9lices originales.<\/p>\n<p data-start=\"595\" data-end=\"805\">Con unas medidas aproximadas de <strong data-start=\"627\" data-end=\"646\">120 cm de largo<\/strong>, es perfecta para decorar sin ocupar demasiado espacio, ideal tanto para pared como para apoyar en cualquier estancia.<\/p>\n<p data-start=\"807\" data-end=\"923\">Perfecta para salones, despachos, dormitorios o negocios como bares y restaurantes con estilo vintage o aeron\u00e1utico.<\/p>\n<p data-start=\"925\" data-end=\"945\"><strong data-start=\"925\" data-end=\"945\">Caracter\u00edsticas:<\/strong><\/p>\n<ul data-start=\"946\" data-end=\"1166\">\n<li data-section-id=\"kgpds2\" data-start=\"967\" data-end=\"1010\">Estilo: aviaci\u00f3n Primera Guerra Mundial<\/li>\n<li data-section-id=\"1snl91o\" data-start=\"1011\" data-end=\"1053\">Dise\u00f1o con estrella decorativa central<\/li>\n<li data-section-id=\"1duy72g\" data-start=\"1120\" data-end=\"1166\">Ideal para decoraci\u00f3n vintage o industrial<\/li>\n<li data-section-id=\"1duy72g\" data-start=\"1120\" data-end=\"1166\">Peso: 1,95 kg<\/li>\n<li data-section-id=\"1duy72g\" data-start=\"1120\" data-end=\"1166\">Longitud: 120 cm<\/li>\n<li data-section-id=\"1duy72g\" data-start=\"1120\" data-end=\"1166\">Ancho: 12 cm<\/li>\n<li data-section-id=\"1duy72g\" data-start=\"1120\" data-end=\"1166\">Altura: 5,8 cm<\/li>\n<li data-section-id=\"1duy72g\" data-start=\"1120\" data-end=\"1166\">Color: Verde oscuro, blanco y rojo<\/li>\n<li data-section-id=\"1duy72g\" data-start=\"1120\" data-end=\"1166\">Material: Caoba<\/li>\n<\/ul>\n<p data-start=\"1168\" data-end=\"1252\">Una pieza original que aporta personalidad y un toque hist\u00f3rico a cualquier espacio.<\/p>","protected":false},"excerpt":{"rendered":"<p>H\u00e9lice decorativa de madera WWI Vintage Star (tama\u00f1o peque\u00f1o)<\/p>","protected":false},"featured_media":18436,"template":"","meta":[],"product_brand":[],"product_cat":[135,379],"product_tag":[380],"class_list":{"0":"post-18434","1":"product","2":"type-product","3":"status-publish","4":"has-post-thumbnail","6":"product_cat-decoracion","7":"product_cat-helices","8":"product_tag-helices","9":"product_shipping_class-voluminosos","11":"first","12":"instock","13":"taxable","14":"shipping-taxable","15":"purchasable","16":"product-type-simple"},"_links":{"self":[{"href":"https:\/\/topofclimb.es\/en\/wp-json\/wp\/v2\/product\/18434","targetHints":{"allow":["GET"]}}],"collection":[{"href":"https:\/\/topofclimb.es\/en\/wp-json\/wp\/v2\/product"}],"about":[{"href":"https:\/\/topofclimb.es\/en\/wp-json\/wp\/v2\/types\/product"}],"wp:featuredmedia":[{"embeddable":true,"href":"https:\/\/topofclimb.es\/en\/wp-json\/wp\/v2\/media\/18436"}],"wp:attachment":[{"href":"https:\/\/topofclimb.es\/en\/wp-json\/wp\/v2\/media?parent=18434"}],"wp:term":[{"taxonomy":"product_brand","embeddable":true,"href":"https:\/\/topofclimb.es\/en\/wp-json\/wp\/v2\/product_brand?post=18434"},{"taxonomy":"product_cat","embeddable":true,"href":"https:\/\/topofclimb.es\/en\/wp-json\/wp\/v2\/product_cat?post=18434"},{"taxonomy":"product_tag","embeddable":true,"href":"https:\/\/topofclimb.es\/en\/wp-json\/wp\/v2\/product_tag?post=18434"}],"curies":[{"name":"wp","href":"https:\/\/api.w.org\/{rel}","templated":true}]}}