{"id":18428,"date":"2026-04-02T18:13:57","date_gmt":"2026-04-02T18:13:57","guid":{"rendered":"https:\/\/topofclimb.es\/?post_type=product&#038;p=18428"},"modified":"2026-04-02T18:17:19","modified_gmt":"2026-04-02T18:17:19","slug":"helice-madera-wwi-vintage-grande","status":"publish","type":"product","link":"https:\/\/topofclimb.es\/en\/product\/helice-madera-wwi-vintage-grande\/","title":{"rendered":"H\u00e9lice madera WWI Vintage grande"},"content":{"rendered":"<p data-start=\"217\" data-end=\"390\"><strong data-start=\"240\" data-end=\"301\">H\u00e9lice decorativa de madera estilo Primera Guerra Mundial<\/strong>, una r\u00e9plica fiel inspirada en las h\u00e9lices utilizadas en los primeros aviones militares.<\/p>\n<p data-start=\"392\" data-end=\"652\">Fabricada en madera con acabado pulido y detalles vintage, esta pieza destaca por su dise\u00f1o aerodin\u00e1mico y su est\u00e9tica cl\u00e1sica. Su gran tama\u00f1o (aprox. 186 cm) la convierte en un elemento decorativo protagonista, ideal para dar personalidad a cualquier espacio.<\/p>\n<p data-start=\"654\" data-end=\"884\">Inspirada en los modelos hist\u00f3ricos de aviaci\u00f3n, reproduce las formas, curvas y acabados de las h\u00e9lices originales, evocando la \u00e9poca en la que los pioneros del aire conquistaban los cielos.<\/p>\n<p data-start=\"886\" data-end=\"1014\">Perfecta para decoraci\u00f3n en salones, despachos, dormitorios o locales como bares y restaurantes con estilo vintage o industrial.<\/p>\n<p data-start=\"1016\" data-end=\"1036\"><strong data-start=\"1016\" data-end=\"1036\">Caracter\u00edsticas:<\/strong><\/p>\n<ul data-start=\"1037\" data-end=\"1233\">\n<li data-section-id=\"kgpds2\" data-start=\"1058\" data-end=\"1101\">Estilo: aviaci\u00f3n Primera Guerra Mundial<\/li>\n<li data-section-id=\"1xokhwc\" data-start=\"1102\" data-end=\"1157\">Acabado vintage color miel con detalles decorativos<\/li>\n<li data-section-id=\"107yr51\" data-start=\"1189\" data-end=\"1233\">Ideal como decoraci\u00f3n de pared o apoyada en el suelo.<\/li>\n<li data-section-id=\"107yr51\" data-start=\"1189\" data-end=\"1233\">Peso: 3,73 kg<\/li>\n<li data-section-id=\"107yr51\" data-start=\"1189\" data-end=\"1233\">Longitud: 186 cm<\/li>\n<li data-section-id=\"107yr51\" data-start=\"1189\" data-end=\"1233\">Ancho: 15 cm<\/li>\n<li data-section-id=\"107yr51\" data-start=\"1189\" data-end=\"1233\">Altura: 9 cm<\/li>\n<li data-section-id=\"107yr51\" data-start=\"1189\" data-end=\"1233\">Color: Acabado franc\u00e9s envejecido color miel y rojo<\/li>\n<li data-section-id=\"107yr51\" data-start=\"1189\" data-end=\"1233\">Material: Madera de pino<\/li>\n<\/ul>\n<p data-start=\"1235\" data-end=\"1351\">Una pieza \u00fanica que combina historia, dise\u00f1o y car\u00e1cter, perfecta para amantes de la aviaci\u00f3n o decoraci\u00f3n original.<\/p>","protected":false},"excerpt":{"rendered":"<p><strong data-start=\"240\" data-end=\"301\">H\u00e9lice decorativa de madera estilo Primera Guerra Mundial<\/strong><\/p>","protected":false},"featured_media":18429,"template":"","meta":[],"product_brand":[],"product_cat":[135,379],"product_tag":[380],"class_list":{"0":"post-18428","1":"product","2":"type-product","3":"status-publish","4":"has-post-thumbnail","6":"product_cat-decoracion","7":"product_cat-helices","8":"product_tag-helices","9":"product_shipping_class-voluminosos","11":"first","12":"instock","13":"taxable","14":"shipping-taxable","15":"purchasable","16":"product-type-simple"},"_links":{"self":[{"href":"https:\/\/topofclimb.es\/en\/wp-json\/wp\/v2\/product\/18428","targetHints":{"allow":["GET"]}}],"collection":[{"href":"https:\/\/topofclimb.es\/en\/wp-json\/wp\/v2\/product"}],"about":[{"href":"https:\/\/topofclimb.es\/en\/wp-json\/wp\/v2\/types\/product"}],"wp:featuredmedia":[{"embeddable":true,"href":"https:\/\/topofclimb.es\/en\/wp-json\/wp\/v2\/media\/18429"}],"wp:attachment":[{"href":"https:\/\/topofclimb.es\/en\/wp-json\/wp\/v2\/media?parent=18428"}],"wp:term":[{"taxonomy":"product_brand","embeddable":true,"href":"https:\/\/topofclimb.es\/en\/wp-json\/wp\/v2\/product_brand?post=18428"},{"taxonomy":"product_cat","embeddable":true,"href":"https:\/\/topofclimb.es\/en\/wp-json\/wp\/v2\/product_cat?post=18428"},{"taxonomy":"product_tag","embeddable":true,"href":"https:\/\/topofclimb.es\/en\/wp-json\/wp\/v2\/product_tag?post=18428"}],"curies":[{"name":"wp","href":"https:\/\/api.w.org\/{rel}","templated":true}]}}