{"id":18420,"date":"2026-04-02T17:16:39","date_gmt":"2026-04-02T17:16:39","guid":{"rendered":"https:\/\/topofclimb.es\/?post_type=product&#038;p=18420"},"modified":"2026-04-02T17:16:40","modified_gmt":"2026-04-02T17:16:40","slug":"helice-decorativa-de-madera-con-puntas-azules","status":"publish","type":"product","link":"https:\/\/topofclimb.es\/en\/product\/helice-decorativa-de-madera-con-puntas-azules\/","title":{"rendered":"H\u00e9lice decorativa de madera con puntas azules"},"content":{"rendered":"<p data-start=\"59\" data-end=\"140\"><strong data-start=\"59\" data-end=\"140\">H\u00e9lice decorativa de madera con puntas azules \u2013 Estilo Primera Guerra Mundial<\/strong><\/p>\n<p data-start=\"142\" data-end=\"347\">Elegante <strong data-start=\"160\" data-end=\"230\">h\u00e9lice decorativa de madera inspirada en la Primera Guerra Mundial<\/strong>, con un dise\u00f1o cl\u00e1sico que destaca por sus <strong data-start=\"274\" data-end=\"291\">puntas azules<\/strong>, aportando un toque distintivo y lleno de personalidad.<\/p>\n<p data-start=\"349\" data-end=\"648\">Esta pieza recrea las h\u00e9lices de los primeros aviones militares, combinando un acabado en madera con detalles que evocan la historia de la aviaci\u00f3n. Su est\u00e9tica vintage la convierte en una opci\u00f3n perfecta para decorar salones, despachos, dormitorios o espacios comerciales como bares y restaurantes.<\/p>\n<p data-start=\"650\" data-end=\"756\">Ideal para amantes de la aviaci\u00f3n, coleccionistas o quienes buscan una decoraci\u00f3n original y con car\u00e1cter.<\/p>\n<p data-start=\"758\" data-end=\"778\"><strong data-start=\"758\" data-end=\"778\">Caracter\u00edsticas:<\/strong><\/p>\n<ul data-start=\"779\" data-end=\"957\">\n<li data-section-id=\"c3y0br\" data-start=\"779\" data-end=\"799\">Material: madera<\/li>\n<li data-section-id=\"19cekmb\" data-start=\"800\" data-end=\"849\">Estilo inspirado en la Primera Guerra Mundial<\/li>\n<li data-section-id=\"1m4kwrv\" data-start=\"850\" data-end=\"878\">Detalle en puntas azules<\/li>\n<li data-section-id=\"98r6zr\" data-start=\"879\" data-end=\"907\">F\u00e1cil de colgar o apoyar<\/li>\n<li data-section-id=\"1v67733\" data-start=\"908\" data-end=\"957\">Perfecta para decoraci\u00f3n vintage o industrial<\/li>\n<li data-section-id=\"1v67733\" data-start=\"908\" data-end=\"957\">Peso: 1,85 kg<\/li>\n<li data-section-id=\"1v67733\" data-start=\"908\" data-end=\"957\">Longitud: 120 cm<\/li>\n<li data-section-id=\"1v67733\" data-start=\"908\" data-end=\"957\">Ancho: 12 cm<\/li>\n<li data-section-id=\"1v67733\" data-start=\"908\" data-end=\"957\">Altura: 5,8 cm<\/li>\n<li data-section-id=\"1v67733\" data-start=\"908\" data-end=\"957\">Color: Negro y azul, miel mediana<\/li>\n<li data-section-id=\"1v67733\" data-start=\"908\" data-end=\"957\">Material: Caoba<\/li>\n<\/ul>\n<p data-start=\"959\" data-end=\"1045\">Una pieza \u00fanica que aportar\u00e1 historia, estilo y un toque especial a cualquier espacio.<\/p>","protected":false},"excerpt":{"rendered":"<p><strong data-start=\"59\" data-end=\"140\">H\u00e9lice decorativa de madera con puntas azules<\/strong><\/p>","protected":false},"featured_media":18421,"template":"","meta":[],"product_brand":[],"product_cat":[135,379],"product_tag":[380],"class_list":{"0":"post-18420","1":"product","2":"type-product","3":"status-publish","4":"has-post-thumbnail","6":"product_cat-decoracion","7":"product_cat-helices","8":"product_tag-helices","9":"product_shipping_class-voluminosos","11":"first","12":"instock","13":"taxable","14":"shipping-taxable","15":"purchasable","16":"product-type-simple"},"_links":{"self":[{"href":"https:\/\/topofclimb.es\/en\/wp-json\/wp\/v2\/product\/18420","targetHints":{"allow":["GET"]}}],"collection":[{"href":"https:\/\/topofclimb.es\/en\/wp-json\/wp\/v2\/product"}],"about":[{"href":"https:\/\/topofclimb.es\/en\/wp-json\/wp\/v2\/types\/product"}],"wp:featuredmedia":[{"embeddable":true,"href":"https:\/\/topofclimb.es\/en\/wp-json\/wp\/v2\/media\/18421"}],"wp:attachment":[{"href":"https:\/\/topofclimb.es\/en\/wp-json\/wp\/v2\/media?parent=18420"}],"wp:term":[{"taxonomy":"product_brand","embeddable":true,"href":"https:\/\/topofclimb.es\/en\/wp-json\/wp\/v2\/product_brand?post=18420"},{"taxonomy":"product_cat","embeddable":true,"href":"https:\/\/topofclimb.es\/en\/wp-json\/wp\/v2\/product_cat?post=18420"},{"taxonomy":"product_tag","embeddable":true,"href":"https:\/\/topofclimb.es\/en\/wp-json\/wp\/v2\/product_tag?post=18420"}],"curies":[{"name":"wp","href":"https:\/\/api.w.org\/{rel}","templated":true}]}}