{"id":18408,"date":"2026-04-02T16:37:51","date_gmt":"2026-04-02T16:37:51","guid":{"rendered":"https:\/\/topofclimb.es\/?post_type=product&#038;p=18408"},"modified":"2026-04-02T17:18:58","modified_gmt":"2026-04-02T17:18:58","slug":"helice-decorativa-de-madera-sopwith-con-franjas-rojas","status":"publish","type":"product","link":"https:\/\/topofclimb.es\/en\/product\/helice-decorativa-de-madera-sopwith-con-franjas-rojas\/","title":{"rendered":"H\u00e9lice decorativa de madera Sopwith con franjas rojas"},"content":{"rendered":"<p data-start=\"53\" data-end=\"110\"><strong data-start=\"53\" data-end=\"110\">H\u00e9lice decorativa de madera Sopwith con franjas rojas<\/strong><\/p>\n<p data-start=\"112\" data-end=\"299\"><strong data-start=\"131\" data-end=\"177\">H\u00e9lice decorativa de madera estilo Sopwith<\/strong>, con un dise\u00f1o cl\u00e1sico realzado por sus caracter\u00edsticas <strong data-start=\"234\" data-end=\"251\">franjas rojas<\/strong>, que le aportan un toque distintivo y elegante.<\/p>\n<p data-start=\"112\" data-end=\"299\">El <strong>Sopwith<\/strong> fue el principal avi\u00f3n de combate de las fuerzas a\u00e9reas brit\u00e1nicas y estadounidenses a principios del siglo XX.<\/p>\n<p data-start=\"301\" data-end=\"535\">Inspirada en las h\u00e9lices de los aviones hist\u00f3ricos, esta pieza combina un acabado en madera con detalles cuidados que evocan la aviaci\u00f3n cl\u00e1sica. Perfecta para decorar cualquier espacio con un estilo vintage, industrial o aeron\u00e1utico.<\/p>\n<p data-start=\"537\" data-end=\"697\">Ideal para colocar en pared o apoyada, convirti\u00e9ndose en un elemento decorativo original en salones, despachos, dormitorios o locales como bares y restaurantes.<\/p>\n<p data-start=\"699\" data-end=\"719\"><strong data-start=\"699\" data-end=\"719\">Caracter\u00edsticas:<\/strong><\/p>\n<ul data-start=\"720\" data-end=\"868\">\n<li data-section-id=\"1gisn63\" data-start=\"741\" data-end=\"766\">Dise\u00f1o estilo Sopwith<\/li>\n<li data-section-id=\"1jjwdge\" data-start=\"767\" data-end=\"795\">Detalle de franjas rojas<\/li>\n<li data-section-id=\"1ez0do\" data-start=\"796\" data-end=\"825\">F\u00e1cil de colocar o colgar<\/li>\n<li data-section-id=\"1ng24wj\" data-start=\"826\" data-end=\"868\">Decoraci\u00f3n original y con personalidad<\/li>\n<li data-section-id=\"1ng24wj\" data-start=\"826\" data-end=\"868\">Peso: 1,95 kg<\/li>\n<li data-section-id=\"1ng24wj\" data-start=\"826\" data-end=\"868\">Longitud: 120 cm<\/li>\n<li data-section-id=\"1ng24wj\" data-start=\"826\" data-end=\"868\">Ancho: 12 cm<\/li>\n<li data-section-id=\"1ng24wj\" data-start=\"826\" data-end=\"868\">Altura: 5.8 cm<\/li>\n<li data-section-id=\"1ng24wj\" data-start=\"826\" data-end=\"868\">Color: Negro, blanco y rojo<\/li>\n<li data-section-id=\"1ng24wj\" data-start=\"826\" data-end=\"868\">Material: Caoba<\/li>\n<\/ul>\n<p data-start=\"870\" data-end=\"951\">Una pieza decorativa \u00fanica que aportar\u00e1 car\u00e1cter e historia a cualquier ambiente.<\/p>","protected":false},"excerpt":{"rendered":"<p data-start=\"53\" data-end=\"110\"><strong data-start=\"53\" data-end=\"110\">H\u00e9lice decorativa de madera Sopwith con franjas rojas<\/strong><\/p>\n<p data-start=\"112\" data-end=\"299\">El <strong>Sopwith<\/strong> fue el principal avi\u00f3n de combate de las fuerzas a\u00e9reas brit\u00e1nicas y estadounidenses a principios del siglo XX.<\/p>","protected":false},"featured_media":18413,"template":"","meta":[],"product_brand":[],"product_cat":[135,379],"product_tag":[380],"class_list":{"0":"post-18408","1":"product","2":"type-product","3":"status-publish","4":"has-post-thumbnail","6":"product_cat-decoracion","7":"product_cat-helices","8":"product_tag-helices","9":"product_shipping_class-voluminosos","11":"first","12":"instock","13":"taxable","14":"shipping-taxable","15":"purchasable","16":"product-type-simple"},"_links":{"self":[{"href":"https:\/\/topofclimb.es\/en\/wp-json\/wp\/v2\/product\/18408","targetHints":{"allow":["GET"]}}],"collection":[{"href":"https:\/\/topofclimb.es\/en\/wp-json\/wp\/v2\/product"}],"about":[{"href":"https:\/\/topofclimb.es\/en\/wp-json\/wp\/v2\/types\/product"}],"wp:featuredmedia":[{"embeddable":true,"href":"https:\/\/topofclimb.es\/en\/wp-json\/wp\/v2\/media\/18413"}],"wp:attachment":[{"href":"https:\/\/topofclimb.es\/en\/wp-json\/wp\/v2\/media?parent=18408"}],"wp:term":[{"taxonomy":"product_brand","embeddable":true,"href":"https:\/\/topofclimb.es\/en\/wp-json\/wp\/v2\/product_brand?post=18408"},{"taxonomy":"product_cat","embeddable":true,"href":"https:\/\/topofclimb.es\/en\/wp-json\/wp\/v2\/product_cat?post=18408"},{"taxonomy":"product_tag","embeddable":true,"href":"https:\/\/topofclimb.es\/en\/wp-json\/wp\/v2\/product_tag?post=18408"}],"curies":[{"name":"wp","href":"https:\/\/api.w.org\/{rel}","templated":true}]}}