{"id":18356,"date":"2026-03-16T14:43:12","date_gmt":"2026-03-16T14:43:12","guid":{"rendered":"https:\/\/topofclimb.es\/?post_type=product&#038;p=18356"},"modified":"2026-03-16T14:43:12","modified_gmt":"2026-03-16T14:43:12","slug":"alabe-de-1a-fase-f18-hornet","status":"publish","type":"product","link":"https:\/\/topofclimb.es\/en\/product\/alabe-de-1a-fase-f18-hornet\/","title":{"rendered":"\u00c1labe de 1\u00aa fase &#8211; F18 Hornet"},"content":{"rendered":"<p>\u00c1labe de 1\u00aa fase de un caza de combate F18 Hornet del Ej\u00e9rcito del Aire Espa\u00f1ol, pieza original retirada de servicio en 2017 por superar el l\u00edmite de su vida \u00fatil. <\/p>\n<p>Se env\u00eda con fotocopia de documento original certificando la procedencia. <\/p>\n<p>Presentado con peana hecha a mano en madera maciza de haya, con grabaci\u00f3n l\u00e1ser descriptiva y soporte en barra de lat\u00f3n. <\/p>\n<p>Materiales:<br \/>\nTitanio aeron\u00e1utico<br \/>\nMadera de Haya<br \/>\nLat\u00f3n<\/p>\n<p>Medidas:<\/p>\n<p>\u00c1labe: 21.4&#215;10.5cm<br \/>\nPeana: 15x13x4cm<\/p>\n<p><strong>Nota: <\/strong>Recuerda que esto es un producto REAL que ha estado en vuelo, por lo que puede que tenga peque\u00f1os desperfectos.<\/p>","protected":false},"excerpt":{"rendered":"<p>\u00c1labe de 1\u00aa fase de un caza de combate F18 Hornet del Ej\u00e9rcito del Aire Espa\u00f1ol, pieza original retirada de servicio en 2017 por superar el l\u00edmite de su vida \u00fatil. <\/p>","protected":false},"featured_media":18357,"template":"","meta":[],"product_brand":[],"product_cat":[375],"product_tag":[376,91],"class_list":{"0":"post-18356","1":"product","2":"type-product","3":"status-publish","4":"has-post-thumbnail","6":"product_cat-piezas-aeronauticas","7":"product_tag-alabe","8":"product_tag-f18","10":"first","11":"instock","12":"taxable","13":"shipping-taxable","14":"purchasable","15":"product-type-simple"},"_links":{"self":[{"href":"https:\/\/topofclimb.es\/en\/wp-json\/wp\/v2\/product\/18356","targetHints":{"allow":["GET"]}}],"collection":[{"href":"https:\/\/topofclimb.es\/en\/wp-json\/wp\/v2\/product"}],"about":[{"href":"https:\/\/topofclimb.es\/en\/wp-json\/wp\/v2\/types\/product"}],"wp:featuredmedia":[{"embeddable":true,"href":"https:\/\/topofclimb.es\/en\/wp-json\/wp\/v2\/media\/18357"}],"wp:attachment":[{"href":"https:\/\/topofclimb.es\/en\/wp-json\/wp\/v2\/media?parent=18356"}],"wp:term":[{"taxonomy":"product_brand","embeddable":true,"href":"https:\/\/topofclimb.es\/en\/wp-json\/wp\/v2\/product_brand?post=18356"},{"taxonomy":"product_cat","embeddable":true,"href":"https:\/\/topofclimb.es\/en\/wp-json\/wp\/v2\/product_cat?post=18356"},{"taxonomy":"product_tag","embeddable":true,"href":"https:\/\/topofclimb.es\/en\/wp-json\/wp\/v2\/product_tag?post=18356"}],"curies":[{"name":"wp","href":"https:\/\/api.w.org\/{rel}","templated":true}]}}