{"id":18350,"date":"2026-03-16T10:36:27","date_gmt":"2026-03-16T10:36:27","guid":{"rendered":"https:\/\/topofclimb.es\/?post_type=product&#038;p=18350"},"modified":"2026-04-01T08:48:08","modified_gmt":"2026-04-01T08:48:08","slug":"boligrafos-fuerzas-espanolas","status":"publish","type":"product","link":"https:\/\/topofclimb.es\/en\/product\/boligrafos-fuerzas-espanolas\/","title":{"rendered":"Bol\u00edgrafos fuerzas espa\u00f1olas"},"content":{"rendered":"<p>Bol\u00edgrafo de aluminio con diferentes fuerzas espa\u00f1olas:<br \/>\n&#8211; Ej\u00e9rcito del Aire<br \/>\n&#8211; Armada Espa\u00f1ola<br \/>\n&#8211; Brigada Paracaidista<br \/>\n&#8211; Ej\u00e9rcito de Tierra<br \/>\n&#8211; Legi\u00f3n Espa\u00f1ola<\/p>","protected":false},"excerpt":{"rendered":"<p>Bol\u00edgrafo de aluminio con diferentes fuerzas espa\u00f1olas: &#8211; Ej\u00e9rcito del Aire &#8211; Armada Espa\u00f1ola &#8211; Brigada Paracaidista &#8211; Ej\u00e9rcito de Tierra &#8211; Legi\u00f3n Espa\u00f1ola<\/p>","protected":false},"featured_media":18296,"template":"","meta":[],"product_brand":[],"product_cat":[189],"product_tag":[190],"class_list":{"0":"post-18350","1":"product","2":"type-product","3":"status-publish","4":"has-post-thumbnail","6":"product_cat-boligrafos","7":"product_tag-boligrafo","9":"first","10":"instock","11":"taxable","12":"shipping-taxable","13":"purchasable","14":"product-type-variable"},"_links":{"self":[{"href":"https:\/\/topofclimb.es\/en\/wp-json\/wp\/v2\/product\/18350","targetHints":{"allow":["GET"]}}],"collection":[{"href":"https:\/\/topofclimb.es\/en\/wp-json\/wp\/v2\/product"}],"about":[{"href":"https:\/\/topofclimb.es\/en\/wp-json\/wp\/v2\/types\/product"}],"wp:featuredmedia":[{"embeddable":true,"href":"https:\/\/topofclimb.es\/en\/wp-json\/wp\/v2\/media\/18296"}],"wp:attachment":[{"href":"https:\/\/topofclimb.es\/en\/wp-json\/wp\/v2\/media?parent=18350"}],"wp:term":[{"taxonomy":"product_brand","embeddable":true,"href":"https:\/\/topofclimb.es\/en\/wp-json\/wp\/v2\/product_brand?post=18350"},{"taxonomy":"product_cat","embeddable":true,"href":"https:\/\/topofclimb.es\/en\/wp-json\/wp\/v2\/product_cat?post=18350"},{"taxonomy":"product_tag","embeddable":true,"href":"https:\/\/topofclimb.es\/en\/wp-json\/wp\/v2\/product_tag?post=18350"}],"curies":[{"name":"wp","href":"https:\/\/api.w.org\/{rel}","templated":true}]}}