{"id":18339,"date":"2026-03-13T09:19:29","date_gmt":"2026-03-13T09:19:29","guid":{"rendered":"https:\/\/topofclimb.es\/?post_type=product&#038;p=18339"},"modified":"2026-03-13T09:19:30","modified_gmt":"2026-03-13T09:19:30","slug":"placa-legion-espanola","status":"publish","type":"product","link":"https:\/\/topofclimb.es\/en\/product\/placa-legion-espanola\/","title":{"rendered":"Placa Legi\u00f3n Espa\u00f1ola"},"content":{"rendered":"<p>Placa Legi\u00f3n Espa\u00f1ola<\/p>","protected":false},"excerpt":{"rendered":"<p>Placa Legi\u00f3n Espa\u00f1ola<\/p>","protected":false},"featured_media":18314,"template":"","meta":[],"product_brand":[],"product_cat":[370],"product_tag":[],"class_list":{"0":"post-18339","1":"product","2":"type-product","3":"status-publish","4":"has-post-thumbnail","6":"product_cat-placas","8":"first","9":"instock","10":"taxable","11":"shipping-taxable","12":"purchasable","13":"product-type-simple"},"_links":{"self":[{"href":"https:\/\/topofclimb.es\/en\/wp-json\/wp\/v2\/product\/18339","targetHints":{"allow":["GET"]}}],"collection":[{"href":"https:\/\/topofclimb.es\/en\/wp-json\/wp\/v2\/product"}],"about":[{"href":"https:\/\/topofclimb.es\/en\/wp-json\/wp\/v2\/types\/product"}],"wp:featuredmedia":[{"embeddable":true,"href":"https:\/\/topofclimb.es\/en\/wp-json\/wp\/v2\/media\/18314"}],"wp:attachment":[{"href":"https:\/\/topofclimb.es\/en\/wp-json\/wp\/v2\/media?parent=18339"}],"wp:term":[{"taxonomy":"product_brand","embeddable":true,"href":"https:\/\/topofclimb.es\/en\/wp-json\/wp\/v2\/product_brand?post=18339"},{"taxonomy":"product_cat","embeddable":true,"href":"https:\/\/topofclimb.es\/en\/wp-json\/wp\/v2\/product_cat?post=18339"},{"taxonomy":"product_tag","embeddable":true,"href":"https:\/\/topofclimb.es\/en\/wp-json\/wp\/v2\/product_tag?post=18339"}],"curies":[{"name":"wp","href":"https:\/\/api.w.org\/{rel}","templated":true}]}}