{"id":18329,"date":"2026-03-12T12:39:03","date_gmt":"2026-03-12T12:39:03","guid":{"rendered":"https:\/\/topofclimb.es\/?post_type=product&#038;p=18329"},"modified":"2026-03-12T12:39:04","modified_gmt":"2026-03-12T12:39:04","slug":"navaja-bandera-espana-hoja-7-2-cm","status":"publish","type":"product","link":"https:\/\/topofclimb.es\/en\/product\/navaja-bandera-espana-hoja-7-2-cm\/","title":{"rendered":"Navaja bandera Espa\u00f1a Hoja: 7.2 cm"},"content":{"rendered":"<p>Navaja de bolsillo modelo bandera de Espa\u00f1a, hoja de acero inox, mango de aluminio, tama\u00f1o de hoja 7,20 cm.<\/p>","protected":false},"excerpt":{"rendered":"<p>Navaja de bolsillo modelo bandera de Espa\u00f1a, hoja de acero inox, mango de aluminio, tama\u00f1o de hoja 7,20 cm.<\/p>","protected":false},"featured_media":18306,"template":"","meta":[],"product_brand":[],"product_cat":[191],"product_tag":[],"class_list":{"0":"post-18329","1":"product","2":"type-product","3":"status-publish","4":"has-post-thumbnail","6":"product_cat-navajas","8":"first","9":"instock","10":"taxable","11":"shipping-taxable","12":"purchasable","13":"product-type-simple"},"_links":{"self":[{"href":"https:\/\/topofclimb.es\/en\/wp-json\/wp\/v2\/product\/18329","targetHints":{"allow":["GET"]}}],"collection":[{"href":"https:\/\/topofclimb.es\/en\/wp-json\/wp\/v2\/product"}],"about":[{"href":"https:\/\/topofclimb.es\/en\/wp-json\/wp\/v2\/types\/product"}],"wp:featuredmedia":[{"embeddable":true,"href":"https:\/\/topofclimb.es\/en\/wp-json\/wp\/v2\/media\/18306"}],"wp:attachment":[{"href":"https:\/\/topofclimb.es\/en\/wp-json\/wp\/v2\/media?parent=18329"}],"wp:term":[{"taxonomy":"product_brand","embeddable":true,"href":"https:\/\/topofclimb.es\/en\/wp-json\/wp\/v2\/product_brand?post=18329"},{"taxonomy":"product_cat","embeddable":true,"href":"https:\/\/topofclimb.es\/en\/wp-json\/wp\/v2\/product_cat?post=18329"},{"taxonomy":"product_tag","embeddable":true,"href":"https:\/\/topofclimb.es\/en\/wp-json\/wp\/v2\/product_tag?post=18329"}],"curies":[{"name":"wp","href":"https:\/\/api.w.org\/{rel}","templated":true}]}}