{"id":18327,"date":"2026-03-12T12:20:16","date_gmt":"2026-03-12T12:20:16","guid":{"rendered":"https:\/\/topofclimb.es\/?post_type=product&#038;p=18327"},"modified":"2026-03-12T12:21:46","modified_gmt":"2026-03-12T12:21:46","slug":"navaja-tematica-legion-espanola","status":"publish","type":"product","link":"https:\/\/topofclimb.es\/en\/product\/navaja-tematica-legion-espanola\/","title":{"rendered":"Navaja tem\u00e1tica \u00abLegi\u00f3n Espa\u00f1ola\u00bb"},"content":{"rendered":"<p>Navaja con serigraf\u00eda Legi\u00f3n espa\u00f1ola con mango de aluminio, muelle con bloqueo lateral y hoja de acero inoxidable, de 8,2 cm de longitud.<br \/>\nIncluye cutter-corta-cintur\u00f3n, punta rompe-vidrio y CLIP. <\/p>","protected":false},"excerpt":{"rendered":"<p>Navaja con serigraf\u00eda Legi\u00f3n espa\u00f1ola con mango de aluminio, muelle con bloqueo lateral y hoja de acero inoxidable, de 8,2 cm de longitud. Incluye cutter-corta-cintur\u00f3n, punta rompe-vidrio y CLIP.<\/p>","protected":false},"featured_media":18305,"template":"","meta":[],"product_brand":[],"product_cat":[191],"product_tag":[171,192],"class_list":{"0":"post-18327","1":"product","2":"type-product","3":"status-publish","4":"has-post-thumbnail","6":"product_cat-navajas","7":"product_tag-legion","8":"product_tag-navaja","10":"first","11":"instock","12":"taxable","13":"shipping-taxable","14":"purchasable","15":"product-type-simple"},"_links":{"self":[{"href":"https:\/\/topofclimb.es\/en\/wp-json\/wp\/v2\/product\/18327","targetHints":{"allow":["GET"]}}],"collection":[{"href":"https:\/\/topofclimb.es\/en\/wp-json\/wp\/v2\/product"}],"about":[{"href":"https:\/\/topofclimb.es\/en\/wp-json\/wp\/v2\/types\/product"}],"wp:featuredmedia":[{"embeddable":true,"href":"https:\/\/topofclimb.es\/en\/wp-json\/wp\/v2\/media\/18305"}],"wp:attachment":[{"href":"https:\/\/topofclimb.es\/en\/wp-json\/wp\/v2\/media?parent=18327"}],"wp:term":[{"taxonomy":"product_brand","embeddable":true,"href":"https:\/\/topofclimb.es\/en\/wp-json\/wp\/v2\/product_brand?post=18327"},{"taxonomy":"product_cat","embeddable":true,"href":"https:\/\/topofclimb.es\/en\/wp-json\/wp\/v2\/product_cat?post=18327"},{"taxonomy":"product_tag","embeddable":true,"href":"https:\/\/topofclimb.es\/en\/wp-json\/wp\/v2\/product_tag?post=18327"}],"curies":[{"name":"wp","href":"https:\/\/api.w.org\/{rel}","templated":true}]}}