{"id":18289,"date":"2026-03-12T10:59:03","date_gmt":"2026-03-12T10:59:03","guid":{"rendered":"https:\/\/topofclimb.es\/?post_type=product&#038;p=18289"},"modified":"2026-03-12T10:59:05","modified_gmt":"2026-03-12T10:59:05","slug":"pulsera-guardia-civil-con-pasador","status":"publish","type":"product","link":"https:\/\/topofclimb.es\/en\/product\/pulsera-guardia-civil-con-pasador\/","title":{"rendered":"Pulsera Guardia Civil con pasador"},"content":{"rendered":"<p>Establecida en 1844, la Guardia Civil es una fuerza de seguridad integral en Espa\u00f1a, incluyendo tareas policiales y militares, desempe\u00f1ando un papel esencial en la seguridad ciudadana y la defensa del orden p\u00fablico.<\/p>","protected":false},"excerpt":{"rendered":"<p>Cinta de tela con grabado de la ense\u00f1a de la guardia civil con bandera de Espa\u00f1a y cierre de pasador.<\/p>","protected":false},"featured_media":18290,"template":"","meta":[],"product_brand":[],"product_cat":[310,116],"product_tag":[149,117],"class_list":{"0":"post-18289","1":"product","2":"type-product","3":"status-publish","4":"has-post-thumbnail","6":"product_cat-guardia-civil","7":"product_cat-pulseras","8":"product_tag-guardia-civil","9":"product_tag-pulsera","11":"first","12":"instock","13":"taxable","14":"shipping-taxable","15":"purchasable","16":"product-type-simple"},"_links":{"self":[{"href":"https:\/\/topofclimb.es\/en\/wp-json\/wp\/v2\/product\/18289","targetHints":{"allow":["GET"]}}],"collection":[{"href":"https:\/\/topofclimb.es\/en\/wp-json\/wp\/v2\/product"}],"about":[{"href":"https:\/\/topofclimb.es\/en\/wp-json\/wp\/v2\/types\/product"}],"wp:featuredmedia":[{"embeddable":true,"href":"https:\/\/topofclimb.es\/en\/wp-json\/wp\/v2\/media\/18290"}],"wp:attachment":[{"href":"https:\/\/topofclimb.es\/en\/wp-json\/wp\/v2\/media?parent=18289"}],"wp:term":[{"taxonomy":"product_brand","embeddable":true,"href":"https:\/\/topofclimb.es\/en\/wp-json\/wp\/v2\/product_brand?post=18289"},{"taxonomy":"product_cat","embeddable":true,"href":"https:\/\/topofclimb.es\/en\/wp-json\/wp\/v2\/product_cat?post=18289"},{"taxonomy":"product_tag","embeddable":true,"href":"https:\/\/topofclimb.es\/en\/wp-json\/wp\/v2\/product_tag?post=18289"}],"curies":[{"name":"wp","href":"https:\/\/api.w.org\/{rel}","templated":true}]}}