{"id":18278,"date":"2026-03-10T07:46:27","date_gmt":"2026-03-10T07:46:27","guid":{"rendered":"https:\/\/topofclimb.es\/?post_type=product&#038;p=18278"},"modified":"2026-04-07T10:35:42","modified_gmt":"2026-04-07T10:35:42","slug":"camiseta-tecnica-celeste-rokiski","status":"publish","type":"product","link":"https:\/\/topofclimb.es\/en\/product\/camiseta-tecnica-celeste-rokiski\/","title":{"rendered":"Camiseta T\u00e9cnica Celeste Rokiski"},"content":{"rendered":"<p>Camiseta t\u00e9cnica celeste Rokiski del Ej\u00e9rcito del Aire y del Espacio, confeccionada en tejido transpirable, ligero y de secado r\u00e1pido, ideal para entrenamiento, actividades al aire libre o uso diario.<\/p>\n<p>De manga corta y corte deportivo, incorpora costuras ragl\u00e1n que mejoran la libertad de movimiento y evitan roces en los hombros, aportando un ajuste c\u00f3modo incluso en sesiones prolongadas. Su tejido t\u00e9cnico favorece la ventilaci\u00f3n y la evacuaci\u00f3n del sudor, manteniendo el cuerpo seco y fresco.<\/p>\n<p>En el pecho destaca el emblema Rokiski del Ej\u00e9rcito del Aire y del Espacio serigrafiado en color blanco.<\/p>","protected":false},"excerpt":{"rendered":"<p>Camiseta t\u00e9cnica azul celeste con Rokiski del Ej\u00e9rcito del Aire y del Espacio.<br \/>\nTejido transpirable<\/p>","protected":false},"featured_media":18281,"template":"","meta":[],"product_brand":[],"product_cat":[296,69],"product_tag":[89,93],"class_list":{"0":"post-18278","1":"product","2":"type-product","3":"status-publish","4":"has-post-thumbnail","6":"product_cat-camiseta","7":"product_cat-ropa-tecnica","8":"product_tag-camiseta","9":"product_tag-rokiski","11":"first","12":"instock","13":"taxable","14":"shipping-taxable","15":"purchasable","16":"product-type-variable"},"_links":{"self":[{"href":"https:\/\/topofclimb.es\/en\/wp-json\/wp\/v2\/product\/18278","targetHints":{"allow":["GET"]}}],"collection":[{"href":"https:\/\/topofclimb.es\/en\/wp-json\/wp\/v2\/product"}],"about":[{"href":"https:\/\/topofclimb.es\/en\/wp-json\/wp\/v2\/types\/product"}],"wp:featuredmedia":[{"embeddable":true,"href":"https:\/\/topofclimb.es\/en\/wp-json\/wp\/v2\/media\/18281"}],"wp:attachment":[{"href":"https:\/\/topofclimb.es\/en\/wp-json\/wp\/v2\/media?parent=18278"}],"wp:term":[{"taxonomy":"product_brand","embeddable":true,"href":"https:\/\/topofclimb.es\/en\/wp-json\/wp\/v2\/product_brand?post=18278"},{"taxonomy":"product_cat","embeddable":true,"href":"https:\/\/topofclimb.es\/en\/wp-json\/wp\/v2\/product_cat?post=18278"},{"taxonomy":"product_tag","embeddable":true,"href":"https:\/\/topofclimb.es\/en\/wp-json\/wp\/v2\/product_tag?post=18278"}],"curies":[{"name":"wp","href":"https:\/\/api.w.org\/{rel}","templated":true}]}}