{"id":18269,"date":"2026-03-09T13:39:12","date_gmt":"2026-03-09T13:39:12","guid":{"rendered":"https:\/\/topofclimb.es\/?post_type=product&#038;p=18269"},"modified":"2026-03-09T13:39:13","modified_gmt":"2026-03-09T13:39:13","slug":"camiseta-tecnica-mujer-rokiski","status":"publish","type":"product","link":"https:\/\/topofclimb.es\/en\/product\/camiseta-tecnica-mujer-rokiski\/","title":{"rendered":"Camiseta t\u00e9cnica mujer Rokiski"},"content":{"rendered":"<p>Camiseta t\u00e9cnica para mujer con dise\u00f1o Rokiski.<br \/>\nTranspirable y con un estilo vibrante para tus entrenamientos.<\/p>\n<p>Hecha 100% de poliester 135g\/m2 transpirable.<\/p>","protected":false},"excerpt":{"rendered":"<p>Camiseta t\u00e9cnica para mujer con dise\u00f1o Rokiski. Transpirable y con un estilo vibrante para tus entrenamientos. Hecha 100% de poliester 135g\/m2 transpirable.<\/p>","protected":false},"featured_media":18272,"template":"","meta":[],"product_brand":[],"product_cat":[296,69],"product_tag":[],"class_list":{"0":"post-18269","1":"product","2":"type-product","3":"status-publish","4":"has-post-thumbnail","6":"product_cat-camiseta","7":"product_cat-ropa-tecnica","9":"first","10":"instock","11":"taxable","12":"shipping-taxable","13":"purchasable","14":"product-type-variable"},"_links":{"self":[{"href":"https:\/\/topofclimb.es\/en\/wp-json\/wp\/v2\/product\/18269","targetHints":{"allow":["GET"]}}],"collection":[{"href":"https:\/\/topofclimb.es\/en\/wp-json\/wp\/v2\/product"}],"about":[{"href":"https:\/\/topofclimb.es\/en\/wp-json\/wp\/v2\/types\/product"}],"wp:featuredmedia":[{"embeddable":true,"href":"https:\/\/topofclimb.es\/en\/wp-json\/wp\/v2\/media\/18272"}],"wp:attachment":[{"href":"https:\/\/topofclimb.es\/en\/wp-json\/wp\/v2\/media?parent=18269"}],"wp:term":[{"taxonomy":"product_brand","embeddable":true,"href":"https:\/\/topofclimb.es\/en\/wp-json\/wp\/v2\/product_brand?post=18269"},{"taxonomy":"product_cat","embeddable":true,"href":"https:\/\/topofclimb.es\/en\/wp-json\/wp\/v2\/product_cat?post=18269"},{"taxonomy":"product_tag","embeddable":true,"href":"https:\/\/topofclimb.es\/en\/wp-json\/wp\/v2\/product_tag?post=18269"}],"curies":[{"name":"wp","href":"https:\/\/api.w.org\/{rel}","templated":true}]}}