{"id":18263,"date":"2026-03-09T11:59:12","date_gmt":"2026-03-09T11:59:12","guid":{"rendered":"https:\/\/topofclimb.es\/?post_type=product&#038;p=18263"},"modified":"2026-04-13T12:13:57","modified_gmt":"2026-04-13T12:13:57","slug":"camiseta-mujer-algodon-rokiski","status":"publish","type":"product","link":"https:\/\/topofclimb.es\/en\/product\/camiseta-mujer-algodon-rokiski\/","title":{"rendered":"Camiseta Mujer Algod\u00f3n Rokiski"},"content":{"rendered":"<p>Camiseta de manga corta para mujer, confeccionada en suave tejido de algod\u00f3n. Presenta un dise\u00f1o Rokiski \u00fanico, perfecto para expresar tu pasi\u00f3n por la aviaci\u00f3n con un toque femenino.<\/p>","protected":false},"excerpt":{"rendered":"<p>Camiseta de algod\u00f3n para mujer con dise\u00f1o Rokiski.<\/p>","protected":false},"featured_media":18265,"template":"","meta":[],"product_brand":[],"product_cat":[88,70],"product_tag":[89,93],"class_list":{"0":"post-18263","1":"product","2":"type-product","3":"status-publish","4":"has-post-thumbnail","6":"product_cat-camisetas-2","7":"product_cat-ropa-sport","8":"product_tag-camiseta","9":"product_tag-rokiski","11":"first","12":"instock","13":"taxable","14":"shipping-taxable","15":"purchasable","16":"product-type-variable"},"_links":{"self":[{"href":"https:\/\/topofclimb.es\/en\/wp-json\/wp\/v2\/product\/18263","targetHints":{"allow":["GET"]}}],"collection":[{"href":"https:\/\/topofclimb.es\/en\/wp-json\/wp\/v2\/product"}],"about":[{"href":"https:\/\/topofclimb.es\/en\/wp-json\/wp\/v2\/types\/product"}],"wp:featuredmedia":[{"embeddable":true,"href":"https:\/\/topofclimb.es\/en\/wp-json\/wp\/v2\/media\/18265"}],"wp:attachment":[{"href":"https:\/\/topofclimb.es\/en\/wp-json\/wp\/v2\/media?parent=18263"}],"wp:term":[{"taxonomy":"product_brand","embeddable":true,"href":"https:\/\/topofclimb.es\/en\/wp-json\/wp\/v2\/product_brand?post=18263"},{"taxonomy":"product_cat","embeddable":true,"href":"https:\/\/topofclimb.es\/en\/wp-json\/wp\/v2\/product_cat?post=18263"},{"taxonomy":"product_tag","embeddable":true,"href":"https:\/\/topofclimb.es\/en\/wp-json\/wp\/v2\/product_tag?post=18263"}],"curies":[{"name":"wp","href":"https:\/\/api.w.org\/{rel}","templated":true}]}}