{"id":18254,"date":"2026-03-09T11:29:23","date_gmt":"2026-03-09T11:29:23","guid":{"rendered":"https:\/\/topofclimb.es\/?post_type=product&#038;p=18254"},"modified":"2026-04-23T12:40:43","modified_gmt":"2026-04-23T12:40:43","slug":"camiseta-tecnica-ala-12-f-18-negro","status":"publish","type":"product","link":"https:\/\/topofclimb.es\/en\/product\/camiseta-tecnica-ala-12-f-18-negro\/","title":{"rendered":"Camiseta t\u00e9cnica Ala 12 F-18 Negro"},"content":{"rendered":"<p>Camiseta t\u00e9cnica del Ala 12 en color negro, confeccionada en poli\u00e9ster 100% para ofrecer ligereza, transpirabilidad y resistencia. <\/p>\n<p>En la parte frontal, destaca el ic\u00f3nico emblema del Ala 12, con su caracter\u00edstico gato y el lema \u00abNo le busques tres pies&#8230;\u00bb. En la espalda, un gran dise\u00f1o en silueta del F-18 Hornet visto desde arriba, uno de los aviones de combate m\u00e1s representativos del Ej\u00e9rcito del Aire espa\u00f1ol.<\/p>","protected":false},"excerpt":{"rendered":"<p>Camiseta t\u00e9cnica negra 100% poli\u00e9ster con el emblema del Ala 12 en el pecho y dise\u00f1o del F-18 en la espalda.<\/p>","protected":false},"featured_media":18255,"template":"","meta":[],"product_brand":[],"product_cat":[88,296,70],"product_tag":[],"class_list":{"0":"post-18254","1":"product","2":"type-product","3":"status-publish","4":"has-post-thumbnail","6":"product_cat-camisetas-2","7":"product_cat-camiseta","8":"product_cat-ropa-sport","10":"first","11":"instock","12":"taxable","13":"shipping-taxable","14":"purchasable","15":"product-type-variable"},"_links":{"self":[{"href":"https:\/\/topofclimb.es\/en\/wp-json\/wp\/v2\/product\/18254","targetHints":{"allow":["GET"]}}],"collection":[{"href":"https:\/\/topofclimb.es\/en\/wp-json\/wp\/v2\/product"}],"about":[{"href":"https:\/\/topofclimb.es\/en\/wp-json\/wp\/v2\/types\/product"}],"wp:featuredmedia":[{"embeddable":true,"href":"https:\/\/topofclimb.es\/en\/wp-json\/wp\/v2\/media\/18255"}],"wp:attachment":[{"href":"https:\/\/topofclimb.es\/en\/wp-json\/wp\/v2\/media?parent=18254"}],"wp:term":[{"taxonomy":"product_brand","embeddable":true,"href":"https:\/\/topofclimb.es\/en\/wp-json\/wp\/v2\/product_brand?post=18254"},{"taxonomy":"product_cat","embeddable":true,"href":"https:\/\/topofclimb.es\/en\/wp-json\/wp\/v2\/product_cat?post=18254"},{"taxonomy":"product_tag","embeddable":true,"href":"https:\/\/topofclimb.es\/en\/wp-json\/wp\/v2\/product_tag?post=18254"}],"curies":[{"name":"wp","href":"https:\/\/api.w.org\/{rel}","templated":true}]}}