{"id":18238,"date":"2026-03-05T11:51:33","date_gmt":"2026-03-05T11:51:33","guid":{"rendered":"https:\/\/topofclimb.es\/?post_type=product&#038;p=18238"},"modified":"2026-03-05T11:53:50","modified_gmt":"2026-03-05T11:53:50","slug":"camiseta-algodon-eurofighter-blanco-infantil","status":"publish","type":"product","link":"https:\/\/topofclimb.es\/en\/product\/camiseta-algodon-eurofighter-blanco-infantil\/","title":{"rendered":"Camiseta Algod\u00f3n Eurofighter Blanco Infantil"},"content":{"rendered":"<p>Camiseta 100% algod\u00f3n, con bordado del Eurofighter en pecho y serigraf\u00eda en la espalda.<br \/>\nFabricadas 100% algod\u00f3n garantizan comodidad y elasticidad en cada movimiento.<br \/>\nCuello redondo de 4 capas.<\/p>","protected":false},"excerpt":{"rendered":"<p>Camiseta Algod\u00f3n Eurofighter Blanco Infantil<\/p>","protected":false},"featured_media":800,"template":"","meta":[],"product_brand":[],"product_cat":[88,349],"product_tag":[89,90],"class_list":{"0":"post-18238","1":"product","2":"type-product","3":"status-publish","4":"has-post-thumbnail","6":"product_cat-camisetas-2","7":"product_cat-camisetas-infantiles","8":"product_tag-camiseta","9":"product_tag-eurofighter","11":"first","12":"instock","13":"taxable","14":"shipping-taxable","15":"purchasable","16":"product-type-variable"},"_links":{"self":[{"href":"https:\/\/topofclimb.es\/en\/wp-json\/wp\/v2\/product\/18238","targetHints":{"allow":["GET"]}}],"collection":[{"href":"https:\/\/topofclimb.es\/en\/wp-json\/wp\/v2\/product"}],"about":[{"href":"https:\/\/topofclimb.es\/en\/wp-json\/wp\/v2\/types\/product"}],"wp:featuredmedia":[{"embeddable":true,"href":"https:\/\/topofclimb.es\/en\/wp-json\/wp\/v2\/media\/800"}],"wp:attachment":[{"href":"https:\/\/topofclimb.es\/en\/wp-json\/wp\/v2\/media?parent=18238"}],"wp:term":[{"taxonomy":"product_brand","embeddable":true,"href":"https:\/\/topofclimb.es\/en\/wp-json\/wp\/v2\/product_brand?post=18238"},{"taxonomy":"product_cat","embeddable":true,"href":"https:\/\/topofclimb.es\/en\/wp-json\/wp\/v2\/product_cat?post=18238"},{"taxonomy":"product_tag","embeddable":true,"href":"https:\/\/topofclimb.es\/en\/wp-json\/wp\/v2\/product_tag?post=18238"}],"curies":[{"name":"wp","href":"https:\/\/api.w.org\/{rel}","templated":true}]}}