{"id":18234,"date":"2026-03-05T11:21:48","date_gmt":"2026-03-05T11:21:48","guid":{"rendered":"https:\/\/topofclimb.es\/?post_type=product&#038;p=18234"},"modified":"2026-04-05T09:55:29","modified_gmt":"2026-04-05T09:55:29","slug":"gorra-azul-lavado-bordada-ala-12","status":"publish","type":"product","link":"https:\/\/topofclimb.es\/en\/product\/gorra-azul-lavado-bordada-ala-12\/","title":{"rendered":"Gorra azul lavado bordada Ala 12"},"content":{"rendered":"<p>El frontal de la gorra presenta el nombre \u00abALA 12\u00bb bordado en relieve. En un lateral, se muestra la elegante silueta del F-18 (asumido por tu descripci\u00f3n y el tipo de gorra), y en el otro, la escarapela del Ej\u00e9rcito del Aire, s\u00edmbolo de la fuerza a\u00e9rea espa\u00f1ola. Fabricada con materiales de calidad y un cierre ajustable para un confort \u00f3ptimo.<\/p>\n<p>Caracter\u00edsticas:<\/p>\n<p>Gorra de estilo aviador<\/p>\n<p>Color: azul lavado<\/p>\n<p>Bordado frontal: \u00abALA 12\u00bb en relieve<\/p>\n<p>Detalle lateral 1: Silueta del avi\u00f3n F-18<\/p>\n<p>Detalle lateral 2: Escarapela del Ej\u00e9rcito del Aire<\/p>\n<p>Cierre ajustable<\/p>","protected":false},"excerpt":{"rendered":"<p>Gorra del Ala 12 en color azul lavado con bordado \u00abALA 12\u00bb, silueta del F-18 y escarapela del Ej\u00e9rcito del Aire.<\/p>","protected":false},"featured_media":18235,"template":"","meta":[],"product_brand":[],"product_cat":[109,70],"product_tag":[204,110],"class_list":{"0":"post-18234","1":"product","2":"type-product","3":"status-publish","4":"has-post-thumbnail","6":"product_cat-gorras","7":"product_cat-ropa-sport","8":"product_tag-ala-12","9":"product_tag-gorra","11":"first","12":"instock","13":"taxable","14":"shipping-taxable","15":"purchasable","16":"product-type-simple"},"_links":{"self":[{"href":"https:\/\/topofclimb.es\/en\/wp-json\/wp\/v2\/product\/18234","targetHints":{"allow":["GET"]}}],"collection":[{"href":"https:\/\/topofclimb.es\/en\/wp-json\/wp\/v2\/product"}],"about":[{"href":"https:\/\/topofclimb.es\/en\/wp-json\/wp\/v2\/types\/product"}],"wp:featuredmedia":[{"embeddable":true,"href":"https:\/\/topofclimb.es\/en\/wp-json\/wp\/v2\/media\/18235"}],"wp:attachment":[{"href":"https:\/\/topofclimb.es\/en\/wp-json\/wp\/v2\/media?parent=18234"}],"wp:term":[{"taxonomy":"product_brand","embeddable":true,"href":"https:\/\/topofclimb.es\/en\/wp-json\/wp\/v2\/product_brand?post=18234"},{"taxonomy":"product_cat","embeddable":true,"href":"https:\/\/topofclimb.es\/en\/wp-json\/wp\/v2\/product_cat?post=18234"},{"taxonomy":"product_tag","embeddable":true,"href":"https:\/\/topofclimb.es\/en\/wp-json\/wp\/v2\/product_tag?post=18234"}],"curies":[{"name":"wp","href":"https:\/\/api.w.org\/{rel}","templated":true}]}}