{"id":18227,"date":"2026-03-03T11:48:29","date_gmt":"2026-03-03T11:48:29","guid":{"rendered":"https:\/\/topofclimb.es\/?post_type=product&#038;p=18227"},"modified":"2026-04-05T09:55:29","modified_gmt":"2026-04-05T09:55:29","slug":"gorra-verde-lavado-bordada-rokiski","status":"publish","type":"product","link":"https:\/\/topofclimb.es\/en\/product\/gorra-verde-lavado-bordada-rokiski\/","title":{"rendered":"Gorra verde lavado bordada Rokiski"},"content":{"rendered":"<p>El frontal de la gorra luce el ic\u00f3nico emblema Rokiski bordado en relieve, un distintivo de la aviaci\u00f3n. En uno de los laterales, se encuentra la escarapela del Ej\u00e9rcito del Aire, consolidando su identidad. Fabricada con materiales de calidad y con un cierre ajustable para un ajuste c\u00f3modo.<\/p>\n<p>Caracter\u00edsticas:<\/p>\n<p>Gorra de estilo cl\u00e1sico<\/p>\n<p>Color: verde lavado<\/p>\n<p>Bordado frontal: Emblema \u00abRokiski\u00bb en relieve<\/p>\n<p>Detalle lateral: Escarapela del Ej\u00e9rcito del Aire<\/p>\n<p>Cierre ajustable <\/p>","protected":false},"excerpt":{"rendered":"<p>Gorra Rokiski del Ej\u00e9rcito del Aire y del Espacio en color verde lavado con bordado Rokiski y escarapela lateral.<\/p>","protected":false},"featured_media":18228,"template":"","meta":[],"product_brand":[],"product_cat":[109,70],"product_tag":[180,110,93],"class_list":{"0":"post-18227","1":"product","2":"type-product","3":"status-publish","4":"has-post-thumbnail","6":"product_cat-gorras","7":"product_cat-ropa-sport","8":"product_tag-escarapela","9":"product_tag-gorra","10":"product_tag-rokiski","12":"first","13":"instock","14":"taxable","15":"shipping-taxable","16":"purchasable","17":"product-type-simple"},"_links":{"self":[{"href":"https:\/\/topofclimb.es\/en\/wp-json\/wp\/v2\/product\/18227","targetHints":{"allow":["GET"]}}],"collection":[{"href":"https:\/\/topofclimb.es\/en\/wp-json\/wp\/v2\/product"}],"about":[{"href":"https:\/\/topofclimb.es\/en\/wp-json\/wp\/v2\/types\/product"}],"wp:featuredmedia":[{"embeddable":true,"href":"https:\/\/topofclimb.es\/en\/wp-json\/wp\/v2\/media\/18228"}],"wp:attachment":[{"href":"https:\/\/topofclimb.es\/en\/wp-json\/wp\/v2\/media?parent=18227"}],"wp:term":[{"taxonomy":"product_brand","embeddable":true,"href":"https:\/\/topofclimb.es\/en\/wp-json\/wp\/v2\/product_brand?post=18227"},{"taxonomy":"product_cat","embeddable":true,"href":"https:\/\/topofclimb.es\/en\/wp-json\/wp\/v2\/product_cat?post=18227"},{"taxonomy":"product_tag","embeddable":true,"href":"https:\/\/topofclimb.es\/en\/wp-json\/wp\/v2\/product_tag?post=18227"}],"curies":[{"name":"wp","href":"https:\/\/api.w.org\/{rel}","templated":true}]}}