{"id":18219,"date":"2026-02-23T12:53:50","date_gmt":"2026-02-23T12:53:50","guid":{"rendered":"https:\/\/topofclimb.es\/?post_type=product&#038;p=18219"},"modified":"2026-04-15T11:16:14","modified_gmt":"2026-04-15T11:16:14","slug":"cinturon-alas-militares-cuero","status":"publish","type":"product","link":"https:\/\/topofclimb.es\/en\/product\/cinturon-alas-militares-cuero\/","title":{"rendered":"Cintur\u00f3n \u00abAlas Militares\u00bb (Cuero)"},"content":{"rendered":"<p>Descubre el cintur\u00f3n deportivo de cuero autentico \u00abALAS MILITARES\u00bb, una pieza \u00fanica dise\u00f1ada para los entusiastas de la aviaci\u00f3n espa\u00f1ola. Este cintur\u00f3n presenta una cinta de alta calidad meticulosamente bordada con las diferentes alas de la aviaci\u00f3n militar (Ej\u00e9rcito del Aire, Ej\u00e9rcito de Tierra, Armada) y de la Guardia Civil, as\u00ed como algunos otros detalles caracter\u00edsticos de las aeronaves militares, como son la escarapela y la cruz de San Andr\u00e9s, ofreciendo un dise\u00f1o distintivo y lleno de historia. Fabricado con materiales duraderos, garantiza una larga vida \u00fatil y un ajuste c\u00f3modo. Ideal para complementar tu estilo diario o para ocasiones especiales, este cintur\u00f3n no solo es un accesorio de moda, sino tambi\u00e9n una declaraci\u00f3n de tu pasi\u00f3n por la aeron\u00e1utica. Sus detalles bordados lo convierten en un elemento de conversaci\u00f3n y un regalo perfecto para coleccionistas. A\u00f1ade un toque de autenticidad militar a tu vestuario con este cintur\u00f3n exclusivo y optimizado para SEO con palabras clave como \u00abcintur\u00f3n aviaci\u00f3n\u00bb, \u00abalas militares\u00bb, \u00abcintur\u00f3n bordado\u00bb y \u00abaccesorios aeron\u00e1uticos\u00bb. Un regalo perfecto y elegante para cualquier amante de la aviaci\u00f3n y del coleccionismo militar.<\/p>","protected":false},"excerpt":{"rendered":"<p>Cintur\u00f3n deportivo de cuero autentico \u00abAlas Militares\u00bb, con detalles bordados de las alas de la aviaci\u00f3n militar espa\u00f1ola y de la Guardia Civil. Un accesorio exclusivo, que combina estilo y pasi\u00f3n por la aeron\u00e1utica. Ideal para amantes de la aviaci\u00f3n y coleccionistas. Color: MARINO. Ancho de 35 mm.<\/p>","protected":false},"featured_media":18222,"template":"","meta":[],"product_brand":[],"product_cat":[103,326],"product_tag":[104],"class_list":{"0":"post-18219","1":"product","2":"type-product","3":"status-publish","4":"has-post-thumbnail","6":"product_cat-cinturones","7":"product_cat-novedades","8":"product_tag-cinturon","10":"first","11":"instock","12":"taxable","13":"shipping-taxable","14":"purchasable","15":"product-type-variable"},"_links":{"self":[{"href":"https:\/\/topofclimb.es\/en\/wp-json\/wp\/v2\/product\/18219","targetHints":{"allow":["GET"]}}],"collection":[{"href":"https:\/\/topofclimb.es\/en\/wp-json\/wp\/v2\/product"}],"about":[{"href":"https:\/\/topofclimb.es\/en\/wp-json\/wp\/v2\/types\/product"}],"wp:featuredmedia":[{"embeddable":true,"href":"https:\/\/topofclimb.es\/en\/wp-json\/wp\/v2\/media\/18222"}],"wp:attachment":[{"href":"https:\/\/topofclimb.es\/en\/wp-json\/wp\/v2\/media?parent=18219"}],"wp:term":[{"taxonomy":"product_brand","embeddable":true,"href":"https:\/\/topofclimb.es\/en\/wp-json\/wp\/v2\/product_brand?post=18219"},{"taxonomy":"product_cat","embeddable":true,"href":"https:\/\/topofclimb.es\/en\/wp-json\/wp\/v2\/product_cat?post=18219"},{"taxonomy":"product_tag","embeddable":true,"href":"https:\/\/topofclimb.es\/en\/wp-json\/wp\/v2\/product_tag?post=18219"}],"curies":[{"name":"wp","href":"https:\/\/api.w.org\/{rel}","templated":true}]}}