{"id":18215,"date":"2026-02-23T12:46:19","date_gmt":"2026-02-23T12:46:19","guid":{"rendered":"https:\/\/topofclimb.es\/?post_type=product&#038;p=18215"},"modified":"2026-03-10T14:45:59","modified_gmt":"2026-03-10T14:45:59","slug":"cinturon-patrulla-aguila-cuero","status":"publish","type":"product","link":"https:\/\/topofclimb.es\/en\/product\/cinturon-patrulla-aguila-cuero\/","title":{"rendered":"Cintur\u00f3n \u00abPATRULLA AGUILA\u00bb (Cuero)"},"content":{"rendered":"<p>Descubre el cintur\u00f3n deportivo de la PATRULLA AGUILA, dise\u00f1ado para amantes de la aviaci\u00f3n. Este cintur\u00f3n \u00fanico presenta una cinta central bordada con el ic\u00f3nico avi\u00f3n C-101, transformando un accesorio b\u00e1sico en una pieza de colecci\u00f3n. Fabricado con materiales de alta calidad, garantiza durabilidad y resistencia.  Ideal como regalo para pilotos y familiares que tengan una marcada pasi\u00f3n por la aviaci\u00f3n. Complementa cualquier conjunto, a\u00f1adiendo un toque de estilo y personalidad. \u00a1Viste con los colores que han marcado la historia de la aviaci\u00f3n espa\u00f1ola !Abr\u00f3chate a la PATRULLA AGUILA!<\/p>","protected":false},"excerpt":{"rendered":"<p>Cintur\u00f3n de la PATRULLA AGUILA, perfecto para todos los amantes de la aeron\u00e1utica. Un homenaje a nuestra patrulla acrob\u00e1tica, y al ic\u00f3nico avi\u00f3n C-101, de fabricaci\u00f3n espa\u00f1ola. Abr\u00f3chate este cintur\u00f3n lleno de estilo y de historia. Color: MARINO. Ancho de 30 mm. Acabado en cuero de primera calidad. Cierre de piquetes para adaptarlo a deferentes tallas.<\/p>","protected":false},"featured_media":18218,"template":"","meta":[],"product_brand":[],"product_cat":[103,326],"product_tag":[104,360],"class_list":{"0":"post-18215","1":"product","2":"type-product","3":"status-publish","4":"has-post-thumbnail","6":"product_cat-cinturones","7":"product_cat-novedades","8":"product_tag-cinturon","9":"product_tag-patrulla-aguila","11":"first","12":"instock","13":"taxable","14":"shipping-taxable","15":"purchasable","16":"product-type-variable"},"_links":{"self":[{"href":"https:\/\/topofclimb.es\/en\/wp-json\/wp\/v2\/product\/18215","targetHints":{"allow":["GET"]}}],"collection":[{"href":"https:\/\/topofclimb.es\/en\/wp-json\/wp\/v2\/product"}],"about":[{"href":"https:\/\/topofclimb.es\/en\/wp-json\/wp\/v2\/types\/product"}],"wp:featuredmedia":[{"embeddable":true,"href":"https:\/\/topofclimb.es\/en\/wp-json\/wp\/v2\/media\/18218"}],"wp:attachment":[{"href":"https:\/\/topofclimb.es\/en\/wp-json\/wp\/v2\/media?parent=18215"}],"wp:term":[{"taxonomy":"product_brand","embeddable":true,"href":"https:\/\/topofclimb.es\/en\/wp-json\/wp\/v2\/product_brand?post=18215"},{"taxonomy":"product_cat","embeddable":true,"href":"https:\/\/topofclimb.es\/en\/wp-json\/wp\/v2\/product_cat?post=18215"},{"taxonomy":"product_tag","embeddable":true,"href":"https:\/\/topofclimb.es\/en\/wp-json\/wp\/v2\/product_tag?post=18215"}],"curies":[{"name":"wp","href":"https:\/\/api.w.org\/{rel}","templated":true}]}}