{"id":18201,"date":"2026-02-23T12:03:37","date_gmt":"2026-02-23T12:03:37","guid":{"rendered":"https:\/\/topofclimb.es\/?post_type=product&#038;p=18201"},"modified":"2026-04-15T11:16:14","modified_gmt":"2026-04-15T11:16:14","slug":"cinturon-p40-a35","status":"publish","type":"product","link":"https:\/\/topofclimb.es\/en\/product\/cinturon-p40-a35\/","title":{"rendered":"Cintur\u00f3n \u00abP40\u00bb (A35)"},"content":{"rendered":"<p>El cintur\u00f3n P40 Curtiss es una pieza excepcional que rinde homenaje a la legendaria aviaci\u00f3n de la Segunda Guerra Mundial. Inspirado en el ic\u00f3nico avi\u00f3n P40 Curtiss, este cintur\u00f3n presenta una cinta central bordada que evoca el fuselaje de la aeronave, ofreciendo un toque de autenticidad y nostalgia. Fabricado con materiales de alta calidad, garantiza durabilidad y resistencia para el uso diario. Su dise\u00f1o \u00fanico lo convierte en el complemento perfecto para quienes buscan un estilo distintivo y con historia. Ideal para entusiastas de la aviaci\u00f3n, coleccionistas o simplemente para aquellos que aprecian accesorios con car\u00e1cter. Comb\u00ednalo con tus jeans favoritos o dale un toque original a tu vestimenta casual. Este cintur\u00f3n no solo es un accesorio, es una declaraci\u00f3n de estilo y pasi\u00f3n por la historia. Un regalo perfecto para hombres y mujeres con esp\u00edritu aventurero y amor por lo vintage. A\u00f1ade un toque de historia a tu look con este cintur\u00f3n de aviaci\u00f3n exclusivo.<\/p>","protected":false},"excerpt":{"rendered":"<p>Revive la historia con el cintur\u00f3n P40 Curtiss, un accesorio \u00fanico inspirado en la aviaci\u00f3n de la 2\u00aa Guerra Mundial. Su dise\u00f1o bordado y calidad premium lo hacen ideal para amantes de la historia y el estilo vintage. Color: CRUDO.<\/p>","protected":false},"featured_media":18204,"template":"","meta":[],"product_brand":[],"product_cat":[103,326],"product_tag":[104],"class_list":{"0":"post-18201","1":"product","2":"type-product","3":"status-publish","4":"has-post-thumbnail","6":"product_cat-cinturones","7":"product_cat-novedades","8":"product_tag-cinturon","10":"first","11":"outofstock","12":"taxable","13":"shipping-taxable","14":"purchasable","15":"product-type-variable"},"_links":{"self":[{"href":"https:\/\/topofclimb.es\/en\/wp-json\/wp\/v2\/product\/18201","targetHints":{"allow":["GET"]}}],"collection":[{"href":"https:\/\/topofclimb.es\/en\/wp-json\/wp\/v2\/product"}],"about":[{"href":"https:\/\/topofclimb.es\/en\/wp-json\/wp\/v2\/types\/product"}],"wp:featuredmedia":[{"embeddable":true,"href":"https:\/\/topofclimb.es\/en\/wp-json\/wp\/v2\/media\/18204"}],"wp:attachment":[{"href":"https:\/\/topofclimb.es\/en\/wp-json\/wp\/v2\/media?parent=18201"}],"wp:term":[{"taxonomy":"product_brand","embeddable":true,"href":"https:\/\/topofclimb.es\/en\/wp-json\/wp\/v2\/product_brand?post=18201"},{"taxonomy":"product_cat","embeddable":true,"href":"https:\/\/topofclimb.es\/en\/wp-json\/wp\/v2\/product_cat?post=18201"},{"taxonomy":"product_tag","embeddable":true,"href":"https:\/\/topofclimb.es\/en\/wp-json\/wp\/v2\/product_tag?post=18201"}],"curies":[{"name":"wp","href":"https:\/\/api.w.org\/{rel}","templated":true}]}}