{"id":18193,"date":"2026-02-23T11:35:55","date_gmt":"2026-02-23T11:35:55","guid":{"rendered":"https:\/\/topofclimb.es\/?post_type=product&#038;p=18193"},"modified":"2026-04-15T11:16:13","modified_gmt":"2026-04-15T11:16:13","slug":"cinturon-43-grupo-a35-marino","status":"publish","type":"product","link":"https:\/\/topofclimb.es\/en\/product\/cinturon-43-grupo-a35-marino\/","title":{"rendered":"Cintur\u00f3n \u00ab43 Grupo\u00bb (A35) (Marino)"},"content":{"rendered":"<p>Cintur\u00f3n exclusivo del 43 Grupo del Ej\u00e9rcito del Aire. Fabricado en Espa\u00f1a, con los mejores materiales, este cintur\u00f3n garantiza una larga vida \u00fatil y un ajuste c\u00f3modo. Cintur\u00f3n con cinta central bordada, que muestra elementos caracter\u00edsticos del 43 Grupo del EAE, con su famoso hidroavi\u00f3n, el Canadair CL-215, y sus inconfundibles colores. Esta ic\u00f3nica unidad est\u00e1 situada en la Base A\u00e9rea de Torrej\u00f3n de Ardoz y est\u00e1 especializada en la extinci\u00f3n de incendios. Su dise\u00f1o vers\u00e1til lo hace perfecto para complementar cualquier atuendo casual o para a\u00f1adir un un toque distintivo a tu vestuario. Ideal para aficionados a la aviaci\u00f3n, pilotos, coleccionistas o como un regalo original y significativo. A\u00f1ade un toque de personalidad y estilo a tu d\u00eda a d\u00eda con este complemento que celebra la pasi\u00f3n por el vuelo. Este cintur\u00f3n est\u00e1 confeccionado en tela y cuero de primera calidad, con hebilla zamak, y detalles bordados. Tiene un ancho de 35 mm.<\/p>","protected":false},"excerpt":{"rendered":"<p>Cintur\u00f3n 43 Grupo en homenaje a esta famosa unidad especializada en la extinci\u00f3n de incendios. Confeccionado con materiales de primera calidad. Ideal para entusiastas de la aviaci\u00f3n y coleccionistas. Un accesorio exclusivo que combina estilo y pasi\u00f3n por la aviaci\u00f3n. Color marino. Ancho de 35 mm.<\/p>","protected":false},"featured_media":18197,"template":"","meta":[],"product_brand":[],"product_cat":[103,326],"product_tag":[104,182],"class_list":{"0":"post-18193","1":"product","2":"type-product","3":"status-publish","4":"has-post-thumbnail","6":"product_cat-cinturones","7":"product_cat-novedades","8":"product_tag-cinturon","9":"product_tag-grupo-43","11":"first","12":"outofstock","13":"taxable","14":"shipping-taxable","15":"purchasable","16":"product-type-variable"},"_links":{"self":[{"href":"https:\/\/topofclimb.es\/en\/wp-json\/wp\/v2\/product\/18193","targetHints":{"allow":["GET"]}}],"collection":[{"href":"https:\/\/topofclimb.es\/en\/wp-json\/wp\/v2\/product"}],"about":[{"href":"https:\/\/topofclimb.es\/en\/wp-json\/wp\/v2\/types\/product"}],"wp:featuredmedia":[{"embeddable":true,"href":"https:\/\/topofclimb.es\/en\/wp-json\/wp\/v2\/media\/18197"}],"wp:attachment":[{"href":"https:\/\/topofclimb.es\/en\/wp-json\/wp\/v2\/media?parent=18193"}],"wp:term":[{"taxonomy":"product_brand","embeddable":true,"href":"https:\/\/topofclimb.es\/en\/wp-json\/wp\/v2\/product_brand?post=18193"},{"taxonomy":"product_cat","embeddable":true,"href":"https:\/\/topofclimb.es\/en\/wp-json\/wp\/v2\/product_cat?post=18193"},{"taxonomy":"product_tag","embeddable":true,"href":"https:\/\/topofclimb.es\/en\/wp-json\/wp\/v2\/product_tag?post=18193"}],"curies":[{"name":"wp","href":"https:\/\/api.w.org\/{rel}","templated":true}]}}