{"id":18188,"date":"2026-02-23T11:07:46","date_gmt":"2026-02-23T11:07:46","guid":{"rendered":"https:\/\/topofclimb.es\/?post_type=product&#038;p=18188"},"modified":"2026-04-15T11:16:14","modified_gmt":"2026-04-15T11:16:14","slug":"cinturon-fuselaje-ala-12","status":"publish","type":"product","link":"https:\/\/topofclimb.es\/en\/product\/cinturon-fuselaje-ala-12\/","title":{"rendered":"Cintur\u00f3n \u00abFUSELAJE ALA 12\u00bb"},"content":{"rendered":"<p>Sum\u00e9rgete en el mundo de la aviaci\u00f3n con el cintur\u00f3n FUSELAJE ALA 12 (con regulador), una pieza \u00fanica inspirada en el ic\u00f3nico avi\u00f3n de combate F-18 del Ala 12 (EAE). Este cintur\u00f3n de aviaci\u00f3n no es solo un accesorio, es una declaraci\u00f3n de estilo y pasi\u00f3n por los cazas militares. Cuenta con una cinta central bordada que reproduce fielmente detalles del fuselaje del F-18 del Ala 12 de Torrej\u00f3n, ofreciendo un dise\u00f1o exclusivo y aut\u00e9ntico. Fabricado con materiales de alta calidad, garantiza durabilidad y resistencia para el uso diario. Dispone de REGULADOR, para poder adaptarlo a distintas tallas, de forma r\u00e1pida y sencilla. Su dise\u00f1o vers\u00e1til lo hace perfecto para complementar cualquier atuendo casual o tem\u00e1tico, destacando tu inter\u00e9s por la aviaci\u00f3n y los aviones de combate. Ideal para coleccionistas, pilotos, o cualquier persona que busque un cintur\u00f3n original y con historia. A\u00f1ade un toque de adrenalina y elegancia a tu vestuario con este cintur\u00f3n de aviaci\u00f3n militar, optimizado para ofrecer confort y un ajuste perfecto. Un regalo excepcional para amantes de la aeron\u00e1utica y la cultura militar espa\u00f1ola.<\/p>","protected":false},"excerpt":{"rendered":"<p>Cintur\u00f3n, exclusivo inspirado en el F-18 del Ala 12, ideal para entusiastas de la aviaci\u00f3n. Dise\u00f1o \u00fanico con detalles del fuselaje del caza F-18 perteneciente al Ala 12. Un accesorio distintivo para llevar la pasi\u00f3n por la aviaci\u00f3n contigo.<\/p>","protected":false},"featured_media":18191,"template":"","meta":[],"product_brand":[],"product_cat":[103,326],"product_tag":[204,104],"class_list":{"0":"post-18188","1":"product","2":"type-product","3":"status-publish","4":"has-post-thumbnail","6":"product_cat-cinturones","7":"product_cat-novedades","8":"product_tag-ala-12","9":"product_tag-cinturon","11":"first","12":"instock","13":"taxable","14":"shipping-taxable","15":"purchasable","16":"product-type-variable"},"_links":{"self":[{"href":"https:\/\/topofclimb.es\/en\/wp-json\/wp\/v2\/product\/18188","targetHints":{"allow":["GET"]}}],"collection":[{"href":"https:\/\/topofclimb.es\/en\/wp-json\/wp\/v2\/product"}],"about":[{"href":"https:\/\/topofclimb.es\/en\/wp-json\/wp\/v2\/types\/product"}],"wp:featuredmedia":[{"embeddable":true,"href":"https:\/\/topofclimb.es\/en\/wp-json\/wp\/v2\/media\/18191"}],"wp:attachment":[{"href":"https:\/\/topofclimb.es\/en\/wp-json\/wp\/v2\/media?parent=18188"}],"wp:term":[{"taxonomy":"product_brand","embeddable":true,"href":"https:\/\/topofclimb.es\/en\/wp-json\/wp\/v2\/product_brand?post=18188"},{"taxonomy":"product_cat","embeddable":true,"href":"https:\/\/topofclimb.es\/en\/wp-json\/wp\/v2\/product_cat?post=18188"},{"taxonomy":"product_tag","embeddable":true,"href":"https:\/\/topofclimb.es\/en\/wp-json\/wp\/v2\/product_tag?post=18188"}],"curies":[{"name":"wp","href":"https:\/\/api.w.org\/{rel}","templated":true}]}}