{"id":18180,"date":"2026-02-23T10:39:18","date_gmt":"2026-02-23T10:39:18","guid":{"rendered":"https:\/\/topofclimb.es\/?post_type=product&#038;p=18180"},"modified":"2026-02-23T10:40:50","modified_gmt":"2026-02-23T10:40:50","slug":"llavero-armada-seahawk-k20","status":"publish","type":"product","link":"https:\/\/topofclimb.es\/en\/product\/llavero-armada-seahawk-k20\/","title":{"rendered":"Llavero Armada SEAHAWK (K20)"},"content":{"rendered":"<p>Sum\u00e9rgete en el mundo de la Aviaci\u00f3n naval con este excepcional llavero bordado que rinde homenaje al SH-60 Seahawk de la D\u00e9cima Escuadrilla de la Flotilla de Aeronaves (FLOAN) de la Armada Espa\u00f1ola. Este helic\u00f3ptero naval multimisi\u00f3n representa la vanguardia de la tecnolog\u00eda antisubmarina y de guerra naval, combinando capacidades de detecci\u00f3n avanzadas con armamento de precisi\u00f3n para proteger las aguas territoriales espa\u00f1olas. El SH-60 Seahawk, reconocido mundialmente como uno de los helic\u00f3pteros navales m\u00e1s capaces, proporciona a la Armada Espa\u00f1ola una plataforma vers\u00e1til capaz de realizar misiones que van desde la guerra antisubmarina hasta operaciones de rescate en alta mar. La 10\u00aa Escuadrilla, con su larga tradici\u00f3n de excelencia operacional, utiliza estos sofisticados helic\u00f3pteros para mantener la superioridad naval en aguas espa\u00f1olas y en misiones internacionales. Este llavero bordado captura la complejidad tecnol\u00f3gica y la importancia estrat\u00e9gica del Seahawk, reproduciendo meticulosamente los elementos distintivos de su cola que identifican a esta unidad naval de \u00e9lite. La t\u00e9cnica de bordado de precisi\u00f3n utilizada refleja la sofisticaci\u00f3n tecnol\u00f3gica de esta aeronave, empleando hilos de calidad marina que garantizan resistencia a las condiciones adversas. Los colores navales aut\u00e9nticos y los detalles meticulosos crean una pieza que transmite el profesionalismo y la tradici\u00f3n mar\u00edtima de la Armada Espa\u00f1ola. La construcci\u00f3n robusta asegura durabilidad en cualquier ambiente, reflejando la resistencia y confiabilidad del propio Seahawk. Perfecto para personal de la 10\u00aa Escuadrilla, miembros de FLOAN, de la Armada,  entusiastas de la aviaci\u00f3n naval o coleccionistas que aprecian cada detalle.<\/p>","protected":false},"excerpt":{"rendered":"<p>Llavero bordado de la deriva del SH-60 Seahawk de la D\u00e9cima Escuadrilla de la  FLOAN (Flotilla de Aeronaves). Dise\u00f1o premium de helic\u00f3ptero naval antisubmarino de una de las escuadrillas de vuelo m\u00e1s famosas de la Armada espa\u00f1ola, con su lema \u00abNos ad nostrum\u00bb.<\/p>\n<p>Informaci\u00f3n adicional<\/p>","protected":false},"featured_media":18182,"template":"","meta":[],"product_brand":[],"product_cat":[163],"product_tag":[164,368],"class_list":{"0":"post-18180","1":"product","2":"type-product","3":"status-publish","4":"has-post-thumbnail","6":"product_cat-llaveros-accesorios","7":"product_tag-llavero","8":"product_tag-seahawk","10":"first","11":"instock","12":"taxable","13":"shipping-taxable","14":"purchasable","15":"product-type-simple"},"_links":{"self":[{"href":"https:\/\/topofclimb.es\/en\/wp-json\/wp\/v2\/product\/18180","targetHints":{"allow":["GET"]}}],"collection":[{"href":"https:\/\/topofclimb.es\/en\/wp-json\/wp\/v2\/product"}],"about":[{"href":"https:\/\/topofclimb.es\/en\/wp-json\/wp\/v2\/types\/product"}],"wp:featuredmedia":[{"embeddable":true,"href":"https:\/\/topofclimb.es\/en\/wp-json\/wp\/v2\/media\/18182"}],"wp:attachment":[{"href":"https:\/\/topofclimb.es\/en\/wp-json\/wp\/v2\/media?parent=18180"}],"wp:term":[{"taxonomy":"product_brand","embeddable":true,"href":"https:\/\/topofclimb.es\/en\/wp-json\/wp\/v2\/product_brand?post=18180"},{"taxonomy":"product_cat","embeddable":true,"href":"https:\/\/topofclimb.es\/en\/wp-json\/wp\/v2\/product_cat?post=18180"},{"taxonomy":"product_tag","embeddable":true,"href":"https:\/\/topofclimb.es\/en\/wp-json\/wp\/v2\/product_tag?post=18180"}],"curies":[{"name":"wp","href":"https:\/\/api.w.org\/{rel}","templated":true}]}}