{"id":18168,"date":"2026-02-23T09:38:20","date_gmt":"2026-02-23T09:38:20","guid":{"rendered":"https:\/\/topofclimb.es\/?post_type=product&#038;p=18168"},"modified":"2026-04-05T10:14:45","modified_gmt":"2026-04-05T10:14:45","slug":"llavero-aviacion-harrier","status":"publish","type":"product","link":"https:\/\/topofclimb.es\/en\/product\/llavero-aviacion-harrier\/","title":{"rendered":"Llavero aviaci\u00f3n HARRIER"},"content":{"rendered":"<p>Experimenta la innovaci\u00f3n y versatilidad del vuelo vertical con este impresionante llavero en relieve 3D que representa al revolucionario AV-8B Harrier II de la 9\u00aa Escuadrilla de la Flotilla de Aeronaves (FLOAN) de la Armada Espa\u00f1ola. Este caza de despegue y aterrizaje vertical representa una de las innovaciones m\u00e1s extraordinarias de la aviaci\u00f3n moderna, y su capacidad \u00fanica de operar desde portaaeronaves y bases austeras lo convierte en una aeronave verdaderamente excepcional. La 9\u00aa Escuadrilla, con base en Rota, ha operado el Harrier con distinci\u00f3n, demostrando la versatilidad t\u00e1ctica que solo esta aeronave puede ofrecer. El dise\u00f1o en relieve tridimensional captura la esencia aerodin\u00e1mica y la potencia del Harrier, reproduciendo fielmente las l\u00edneas distintivas que hacen de esta aeronave una obra maestra de la ingenier\u00eda. Los detalles meticulosos del relieve destacan las caracter\u00edsticas \u00fanicas del AV-8B, desde su configuraci\u00f3n de toberas vectoriales hasta los elementos distintivos de su fuselaje. La calidad excepcional de construcci\u00f3n garantiza que cada detalle permanezca n\u00edtido y definido. Ideal para personal de la Armada, entusiastas de la aviaci\u00f3n naval, coleccionistas de aeronaves VTOL o cualquier persona fascinada por las innovaciones tecnol\u00f3gicas que desaf\u00edan las leyes de la f\u00edsica tradicional.<\/p>","protected":false},"excerpt":{"rendered":"<p>Llavero en relieve 3D del AV-8B Harrier II de la 9\u00aa Escuadrilla FLOAN. Dise\u00f1o exclusivo de este famoso caza de la aviaci\u00f3n naval espa\u00f1ola.<\/p>","protected":false},"featured_media":18169,"template":"","meta":[],"product_brand":[],"product_cat":[163],"product_tag":[365,164],"class_list":{"0":"post-18168","1":"product","2":"type-product","3":"status-publish","4":"has-post-thumbnail","6":"product_cat-llaveros-accesorios","7":"product_tag-harrier","8":"product_tag-llavero","10":"first","11":"instock","12":"taxable","13":"shipping-taxable","14":"purchasable","15":"product-type-simple"},"_links":{"self":[{"href":"https:\/\/topofclimb.es\/en\/wp-json\/wp\/v2\/product\/18168","targetHints":{"allow":["GET"]}}],"collection":[{"href":"https:\/\/topofclimb.es\/en\/wp-json\/wp\/v2\/product"}],"about":[{"href":"https:\/\/topofclimb.es\/en\/wp-json\/wp\/v2\/types\/product"}],"wp:featuredmedia":[{"embeddable":true,"href":"https:\/\/topofclimb.es\/en\/wp-json\/wp\/v2\/media\/18169"}],"wp:attachment":[{"href":"https:\/\/topofclimb.es\/en\/wp-json\/wp\/v2\/media?parent=18168"}],"wp:term":[{"taxonomy":"product_brand","embeddable":true,"href":"https:\/\/topofclimb.es\/en\/wp-json\/wp\/v2\/product_brand?post=18168"},{"taxonomy":"product_cat","embeddable":true,"href":"https:\/\/topofclimb.es\/en\/wp-json\/wp\/v2\/product_cat?post=18168"},{"taxonomy":"product_tag","embeddable":true,"href":"https:\/\/topofclimb.es\/en\/wp-json\/wp\/v2\/product_tag?post=18168"}],"curies":[{"name":"wp","href":"https:\/\/api.w.org\/{rel}","templated":true}]}}