{"id":18153,"date":"2026-02-23T08:23:57","date_gmt":"2026-02-23T08:23:57","guid":{"rendered":"https:\/\/topofclimb.es\/?post_type=product&#038;p=18153"},"modified":"2026-04-05T12:39:00","modified_gmt":"2026-04-05T12:39:00","slug":"llavero-k-05-aguila","status":"publish","type":"product","link":"https:\/\/topofclimb.es\/en\/product\/llavero-k-05-aguila\/","title":{"rendered":"Llavero K-05-AGUILA"},"content":{"rendered":"<p>Llavero en relieve 3D de la famosa Patrulla \u00c1guila. Dise\u00f1o exclusivo del C-101 con la pintura caracter\u00edstica de este equipo de \u00e9lite.<\/p>","protected":false},"excerpt":{"rendered":"<p>Llavero K-05-AGUILA<\/p>","protected":false},"featured_media":18155,"template":"","meta":[],"product_brand":[],"product_cat":[163],"product_tag":[164,360],"class_list":{"0":"post-18153","1":"product","2":"type-product","3":"status-publish","4":"has-post-thumbnail","6":"product_cat-llaveros-accesorios","7":"product_tag-llavero","8":"product_tag-patrulla-aguila","10":"first","11":"instock","12":"taxable","13":"shipping-taxable","14":"purchasable","15":"product-type-simple"},"_links":{"self":[{"href":"https:\/\/topofclimb.es\/en\/wp-json\/wp\/v2\/product\/18153","targetHints":{"allow":["GET"]}}],"collection":[{"href":"https:\/\/topofclimb.es\/en\/wp-json\/wp\/v2\/product"}],"about":[{"href":"https:\/\/topofclimb.es\/en\/wp-json\/wp\/v2\/types\/product"}],"wp:featuredmedia":[{"embeddable":true,"href":"https:\/\/topofclimb.es\/en\/wp-json\/wp\/v2\/media\/18155"}],"wp:attachment":[{"href":"https:\/\/topofclimb.es\/en\/wp-json\/wp\/v2\/media?parent=18153"}],"wp:term":[{"taxonomy":"product_brand","embeddable":true,"href":"https:\/\/topofclimb.es\/en\/wp-json\/wp\/v2\/product_brand?post=18153"},{"taxonomy":"product_cat","embeddable":true,"href":"https:\/\/topofclimb.es\/en\/wp-json\/wp\/v2\/product_cat?post=18153"},{"taxonomy":"product_tag","embeddable":true,"href":"https:\/\/topofclimb.es\/en\/wp-json\/wp\/v2\/product_tag?post=18153"}],"curies":[{"name":"wp","href":"https:\/\/api.w.org\/{rel}","templated":true}]}}