{"id":18150,"date":"2026-02-23T07:56:33","date_gmt":"2026-02-23T07:56:33","guid":{"rendered":"https:\/\/topofclimb.es\/?post_type=product&#038;p=18150"},"modified":"2026-03-26T10:35:16","modified_gmt":"2026-03-26T10:35:16","slug":"llavero-k-04-grupo43","status":"publish","type":"product","link":"https:\/\/topofclimb.es\/en\/product\/llavero-k-04-grupo43\/","title":{"rendered":"Llavero K-04-GRUPO43"},"content":{"rendered":"<p>Llavero en relieve 3D del 43 Grupo del Ej\u00e9rcito del Aire. Dise\u00f1o \u00fanico inspirado en el Canadair, perfecto para coleccionistas militares.<\/p>","protected":false},"excerpt":{"rendered":"<p>Llavero K-04-GRUPO43<\/p>","protected":false},"featured_media":18151,"template":"","meta":[],"product_brand":[],"product_cat":[163],"product_tag":[182,164],"class_list":{"0":"post-18150","1":"product","2":"type-product","3":"status-publish","4":"has-post-thumbnail","6":"product_cat-llaveros-accesorios","7":"product_tag-grupo-43","8":"product_tag-llavero","10":"first","11":"instock","12":"taxable","13":"shipping-taxable","14":"purchasable","15":"product-type-simple"},"_links":{"self":[{"href":"https:\/\/topofclimb.es\/en\/wp-json\/wp\/v2\/product\/18150","targetHints":{"allow":["GET"]}}],"collection":[{"href":"https:\/\/topofclimb.es\/en\/wp-json\/wp\/v2\/product"}],"about":[{"href":"https:\/\/topofclimb.es\/en\/wp-json\/wp\/v2\/types\/product"}],"wp:featuredmedia":[{"embeddable":true,"href":"https:\/\/topofclimb.es\/en\/wp-json\/wp\/v2\/media\/18151"}],"wp:attachment":[{"href":"https:\/\/topofclimb.es\/en\/wp-json\/wp\/v2\/media?parent=18150"}],"wp:term":[{"taxonomy":"product_brand","embeddable":true,"href":"https:\/\/topofclimb.es\/en\/wp-json\/wp\/v2\/product_brand?post=18150"},{"taxonomy":"product_cat","embeddable":true,"href":"https:\/\/topofclimb.es\/en\/wp-json\/wp\/v2\/product_cat?post=18150"},{"taxonomy":"product_tag","embeddable":true,"href":"https:\/\/topofclimb.es\/en\/wp-json\/wp\/v2\/product_tag?post=18150"}],"curies":[{"name":"wp","href":"https:\/\/api.w.org\/{rel}","templated":true}]}}