{"id":18147,"date":"2026-02-23T07:39:59","date_gmt":"2026-02-23T07:39:59","guid":{"rendered":"https:\/\/topofclimb.es\/?post_type=product&#038;p=18147"},"modified":"2026-03-28T12:59:30","modified_gmt":"2026-03-28T12:59:30","slug":"llavero-k-03-air-europa","status":"publish","type":"product","link":"https:\/\/topofclimb.es\/en\/product\/llavero-k-03-air-europa\/","title":{"rendered":"Llavero K-03 AIR EUROPA"},"content":{"rendered":"<p>Llavero bordado exclusivo de Air Europa B787. Dise\u00f1o premium que captura la elegancia de esta moderna aerol\u00ednea espa\u00f1ola.<\/p>","protected":false},"excerpt":{"rendered":"<p>Llavero K-03-Air Europa<\/p>","protected":false},"featured_media":18149,"template":"","meta":[],"product_brand":[],"product_cat":[163],"product_tag":[359,164],"class_list":{"0":"post-18147","1":"product","2":"type-product","3":"status-publish","4":"has-post-thumbnail","6":"product_cat-llaveros-accesorios","7":"product_tag-aireuropa","8":"product_tag-llavero","10":"first","11":"instock","12":"taxable","13":"shipping-taxable","14":"purchasable","15":"product-type-simple"},"_links":{"self":[{"href":"https:\/\/topofclimb.es\/en\/wp-json\/wp\/v2\/product\/18147","targetHints":{"allow":["GET"]}}],"collection":[{"href":"https:\/\/topofclimb.es\/en\/wp-json\/wp\/v2\/product"}],"about":[{"href":"https:\/\/topofclimb.es\/en\/wp-json\/wp\/v2\/types\/product"}],"wp:featuredmedia":[{"embeddable":true,"href":"https:\/\/topofclimb.es\/en\/wp-json\/wp\/v2\/media\/18149"}],"wp:attachment":[{"href":"https:\/\/topofclimb.es\/en\/wp-json\/wp\/v2\/media?parent=18147"}],"wp:term":[{"taxonomy":"product_brand","embeddable":true,"href":"https:\/\/topofclimb.es\/en\/wp-json\/wp\/v2\/product_brand?post=18147"},{"taxonomy":"product_cat","embeddable":true,"href":"https:\/\/topofclimb.es\/en\/wp-json\/wp\/v2\/product_cat?post=18147"},{"taxonomy":"product_tag","embeddable":true,"href":"https:\/\/topofclimb.es\/en\/wp-json\/wp\/v2\/product_tag?post=18147"}],"curies":[{"name":"wp","href":"https:\/\/api.w.org\/{rel}","templated":true}]}}