{"id":18141,"date":"2026-02-19T14:47:03","date_gmt":"2026-02-19T14:47:03","guid":{"rendered":"https:\/\/topofclimb.es\/?post_type=product&#038;p=18141"},"modified":"2026-04-05T10:14:45","modified_gmt":"2026-04-05T10:14:45","slug":"llavero-k-01-ala12","status":"publish","type":"product","link":"https:\/\/topofclimb.es\/en\/product\/llavero-k-01-ala12\/","title":{"rendered":"Llavero K-01-ALA12"},"content":{"rendered":"<p>Llavero exclusivo en relieve 3D del Ala 12 de Torrej\u00f3n. Dise\u00f1o \u00fanico inspirado en la deriva de cola del F-18 (C-15). Perfecto para coleccionistas de aviaci\u00f3n.<\/p>","protected":false},"excerpt":{"rendered":"<p>Llavero K-01-ALA12<\/p>","protected":false},"featured_media":18142,"template":"","meta":[],"product_brand":[],"product_cat":[163],"product_tag":[290,164],"class_list":{"0":"post-18141","1":"product","2":"type-product","3":"status-publish","4":"has-post-thumbnail","6":"product_cat-llaveros-accesorios","7":"product_tag-ala12","8":"product_tag-llavero","10":"first","11":"instock","12":"taxable","13":"shipping-taxable","14":"purchasable","15":"product-type-simple"},"_links":{"self":[{"href":"https:\/\/topofclimb.es\/en\/wp-json\/wp\/v2\/product\/18141","targetHints":{"allow":["GET"]}}],"collection":[{"href":"https:\/\/topofclimb.es\/en\/wp-json\/wp\/v2\/product"}],"about":[{"href":"https:\/\/topofclimb.es\/en\/wp-json\/wp\/v2\/types\/product"}],"wp:featuredmedia":[{"embeddable":true,"href":"https:\/\/topofclimb.es\/en\/wp-json\/wp\/v2\/media\/18142"}],"wp:attachment":[{"href":"https:\/\/topofclimb.es\/en\/wp-json\/wp\/v2\/media?parent=18141"}],"wp:term":[{"taxonomy":"product_brand","embeddable":true,"href":"https:\/\/topofclimb.es\/en\/wp-json\/wp\/v2\/product_brand?post=18141"},{"taxonomy":"product_cat","embeddable":true,"href":"https:\/\/topofclimb.es\/en\/wp-json\/wp\/v2\/product_cat?post=18141"},{"taxonomy":"product_tag","embeddable":true,"href":"https:\/\/topofclimb.es\/en\/wp-json\/wp\/v2\/product_tag?post=18141"}],"curies":[{"name":"wp","href":"https:\/\/api.w.org\/{rel}","templated":true}]}}