{"id":18138,"date":"2026-02-19T14:26:20","date_gmt":"2026-02-19T14:26:20","guid":{"rendered":"https:\/\/topofclimb.es\/?post_type=product&#038;p=18138"},"modified":"2026-04-16T11:31:53","modified_gmt":"2026-04-16T11:31:53","slug":"llavero-policia-nacional-helicopteros-k-21","status":"publish","type":"product","link":"https:\/\/topofclimb.es\/en\/product\/llavero-policia-nacional-helicopteros-k-21\/","title":{"rendered":"Llavero Polic\u00eda Nacional helic\u00f3pteros (K-21)"},"content":{"rendered":"<p>Llavero bordado del helic\u00f3ptero EC-135 de la Polic\u00eda Nacional (CNP). Dise\u00f1o exclusivo del helic\u00f3ptero de la Polic\u00eda Nacional para seguridad ciudadana.<\/p>","protected":false},"excerpt":{"rendered":"<p>Llavero Polic\u00eda Nacional helic\u00f3pteros (K-21)<\/p>","protected":false},"featured_media":18140,"template":"","meta":[],"product_brand":[],"product_cat":[163],"product_tag":[],"class_list":{"0":"post-18138","1":"product","2":"type-product","3":"status-publish","4":"has-post-thumbnail","6":"product_cat-llaveros-accesorios","8":"first","9":"instock","10":"taxable","11":"shipping-taxable","12":"purchasable","13":"product-type-simple"},"_links":{"self":[{"href":"https:\/\/topofclimb.es\/en\/wp-json\/wp\/v2\/product\/18138","targetHints":{"allow":["GET"]}}],"collection":[{"href":"https:\/\/topofclimb.es\/en\/wp-json\/wp\/v2\/product"}],"about":[{"href":"https:\/\/topofclimb.es\/en\/wp-json\/wp\/v2\/types\/product"}],"wp:featuredmedia":[{"embeddable":true,"href":"https:\/\/topofclimb.es\/en\/wp-json\/wp\/v2\/media\/18140"}],"wp:attachment":[{"href":"https:\/\/topofclimb.es\/en\/wp-json\/wp\/v2\/media?parent=18138"}],"wp:term":[{"taxonomy":"product_brand","embeddable":true,"href":"https:\/\/topofclimb.es\/en\/wp-json\/wp\/v2\/product_brand?post=18138"},{"taxonomy":"product_cat","embeddable":true,"href":"https:\/\/topofclimb.es\/en\/wp-json\/wp\/v2\/product_cat?post=18138"},{"taxonomy":"product_tag","embeddable":true,"href":"https:\/\/topofclimb.es\/en\/wp-json\/wp\/v2\/product_tag?post=18138"}],"curies":[{"name":"wp","href":"https:\/\/api.w.org\/{rel}","templated":true}]}}