{"id":18135,"date":"2026-02-17T18:21:54","date_gmt":"2026-02-17T18:21:54","guid":{"rendered":"https:\/\/topofclimb.es\/?post_type=product&#038;p=18135"},"modified":"2026-04-15T06:25:23","modified_gmt":"2026-04-15T06:25:23","slug":"llavero-k-19-gcavion","status":"publish","type":"product","link":"https:\/\/topofclimb.es\/en\/product\/llavero-k-19-gcavion\/","title":{"rendered":"Llavero K-19-GCAVI\u00d3N"},"content":{"rendered":"<p>Llavero bordado del C-295 del Servicio A\u00e9reo de la Guardia Civil. Dise\u00f1o exclusivo de aviaci\u00f3n de seguridad p\u00fablica.<\/p>","protected":false},"excerpt":{"rendered":"<p>Llavero bordado del C-295 del Servicio A\u00e9reo de la Guardia Civil. Dise\u00f1o exclusivo de aviaci\u00f3n de seguridad p\u00fablica.<\/p>","protected":false},"featured_media":18136,"template":"","meta":[],"product_brand":[],"product_cat":[163,326],"product_tag":[209,114,356,149,164,357],"class_list":{"0":"post-18135","1":"product","2":"type-product","3":"status-publish","4":"has-post-thumbnail","6":"product_cat-llaveros-accesorios","7":"product_cat-novedades","8":"product_tag-aviacion","9":"product_tag-bordado","10":"product_tag-coleccion","11":"product_tag-guardia-civil","12":"product_tag-llavero","13":"product_tag-militar","15":"first","16":"instock","17":"taxable","18":"shipping-taxable","19":"purchasable","20":"product-type-simple"},"_links":{"self":[{"href":"https:\/\/topofclimb.es\/en\/wp-json\/wp\/v2\/product\/18135","targetHints":{"allow":["GET"]}}],"collection":[{"href":"https:\/\/topofclimb.es\/en\/wp-json\/wp\/v2\/product"}],"about":[{"href":"https:\/\/topofclimb.es\/en\/wp-json\/wp\/v2\/types\/product"}],"wp:featuredmedia":[{"embeddable":true,"href":"https:\/\/topofclimb.es\/en\/wp-json\/wp\/v2\/media\/18136"}],"wp:attachment":[{"href":"https:\/\/topofclimb.es\/en\/wp-json\/wp\/v2\/media?parent=18135"}],"wp:term":[{"taxonomy":"product_brand","embeddable":true,"href":"https:\/\/topofclimb.es\/en\/wp-json\/wp\/v2\/product_brand?post=18135"},{"taxonomy":"product_cat","embeddable":true,"href":"https:\/\/topofclimb.es\/en\/wp-json\/wp\/v2\/product_cat?post=18135"},{"taxonomy":"product_tag","embeddable":true,"href":"https:\/\/topofclimb.es\/en\/wp-json\/wp\/v2\/product_tag?post=18135"}],"curies":[{"name":"wp","href":"https:\/\/api.w.org\/{rel}","templated":true}]}}