{"id":18125,"date":"2026-02-16T12:05:24","date_gmt":"2026-02-16T12:05:24","guid":{"rendered":"https:\/\/topofclimb.es\/?post_type=product&#038;p=18125"},"modified":"2026-04-06T13:17:17","modified_gmt":"2026-04-06T13:17:17","slug":"helicoptero-ejercito-del-aire","status":"publish","type":"product","link":"https:\/\/topofclimb.es\/en\/product\/helicoptero-ejercito-del-aire\/","title":{"rendered":"Helic\u00f3ptero Ej\u00e9rcito del Aire"},"content":{"rendered":"<p>Disfruta de esta r\u00e9plica de un helic\u00f3ptero del Ej\u00e9rcito del Aire<\/p>","protected":false},"excerpt":{"rendered":"<p>Helic\u00f3ptero Ej\u00e9rcito del Aire<\/p>","protected":false},"featured_media":18126,"template":"","meta":[],"product_brand":[],"product_cat":[144],"product_tag":[148],"class_list":{"0":"post-18125","1":"product","2":"type-product","3":"status-publish","4":"has-post-thumbnail","6":"product_cat-juguetes","7":"product_tag-helicoptero","9":"first","10":"instock","11":"taxable","12":"shipping-taxable","13":"purchasable","14":"product-type-simple"},"_links":{"self":[{"href":"https:\/\/topofclimb.es\/en\/wp-json\/wp\/v2\/product\/18125","targetHints":{"allow":["GET"]}}],"collection":[{"href":"https:\/\/topofclimb.es\/en\/wp-json\/wp\/v2\/product"}],"about":[{"href":"https:\/\/topofclimb.es\/en\/wp-json\/wp\/v2\/types\/product"}],"wp:featuredmedia":[{"embeddable":true,"href":"https:\/\/topofclimb.es\/en\/wp-json\/wp\/v2\/media\/18126"}],"wp:attachment":[{"href":"https:\/\/topofclimb.es\/en\/wp-json\/wp\/v2\/media?parent=18125"}],"wp:term":[{"taxonomy":"product_brand","embeddable":true,"href":"https:\/\/topofclimb.es\/en\/wp-json\/wp\/v2\/product_brand?post=18125"},{"taxonomy":"product_cat","embeddable":true,"href":"https:\/\/topofclimb.es\/en\/wp-json\/wp\/v2\/product_cat?post=18125"},{"taxonomy":"product_tag","embeddable":true,"href":"https:\/\/topofclimb.es\/en\/wp-json\/wp\/v2\/product_tag?post=18125"}],"curies":[{"name":"wp","href":"https:\/\/api.w.org\/{rel}","templated":true}]}}