{"id":18114,"date":"2026-02-16T08:23:37","date_gmt":"2026-02-16T08:23:37","guid":{"rendered":"https:\/\/topofclimb.es\/?post_type=product&#038;p=18114"},"modified":"2026-03-28T12:57:15","modified_gmt":"2026-03-28T12:57:15","slug":"parche-bordado-ala-11","status":"publish","type":"product","link":"https:\/\/topofclimb.es\/en\/product\/parche-bordado-ala-11\/","title":{"rendered":"Parche Bordado ALA 11"},"content":{"rendered":"<p>Parche bordado de primera calidad de 90mm de di\u00e1metro, con el lema y logo del Ala 11. Para personalizar tus prendas, mochilas y dem\u00e1s con los emblemas cl\u00e1sicos de nuestras Alas y escuadrones.<\/p>","protected":false},"excerpt":{"rendered":"<p>Parche Bordado ALA 11<\/p>","protected":false},"featured_media":18115,"template":"","meta":[],"product_brand":[],"product_cat":[174],"product_tag":[355,354],"class_list":{"0":"post-18114","1":"product","2":"type-product","3":"status-publish","4":"has-post-thumbnail","6":"product_cat-parches","7":"product_tag-ala11","8":"product_tag-parches","10":"first","11":"instock","12":"taxable","13":"shipping-taxable","14":"purchasable","15":"product-type-simple"},"_links":{"self":[{"href":"https:\/\/topofclimb.es\/en\/wp-json\/wp\/v2\/product\/18114","targetHints":{"allow":["GET"]}}],"collection":[{"href":"https:\/\/topofclimb.es\/en\/wp-json\/wp\/v2\/product"}],"about":[{"href":"https:\/\/topofclimb.es\/en\/wp-json\/wp\/v2\/types\/product"}],"wp:featuredmedia":[{"embeddable":true,"href":"https:\/\/topofclimb.es\/en\/wp-json\/wp\/v2\/media\/18115"}],"wp:attachment":[{"href":"https:\/\/topofclimb.es\/en\/wp-json\/wp\/v2\/media?parent=18114"}],"wp:term":[{"taxonomy":"product_brand","embeddable":true,"href":"https:\/\/topofclimb.es\/en\/wp-json\/wp\/v2\/product_brand?post=18114"},{"taxonomy":"product_cat","embeddable":true,"href":"https:\/\/topofclimb.es\/en\/wp-json\/wp\/v2\/product_cat?post=18114"},{"taxonomy":"product_tag","embeddable":true,"href":"https:\/\/topofclimb.es\/en\/wp-json\/wp\/v2\/product_tag?post=18114"}],"curies":[{"name":"wp","href":"https:\/\/api.w.org\/{rel}","templated":true}]}}