{"id":18082,"date":"2026-02-11T11:49:08","date_gmt":"2026-02-11T11:49:08","guid":{"rendered":"https:\/\/topofclimb.es\/?post_type=product&#038;p=18082"},"modified":"2026-03-10T08:23:50","modified_gmt":"2026-03-10T08:23:50","slug":"camiseta-infantil-spanish-air-force","status":"publish","type":"product","link":"https:\/\/topofclimb.es\/en\/product\/camiseta-infantil-spanish-air-force\/","title":{"rendered":"Camiseta infantil Spanish Air Force"},"content":{"rendered":"<p>Camiseta de ni\u00f1o de algod\u00f3n con dise\u00f1o a todo color de los aviones favoritos del Ej\u00e9rcito del Aire y del Espacio.<br \/>\nDisponible en azul, rosa y blanco. <\/p>","protected":false},"excerpt":{"rendered":"<p>Camiseta de ni\u00f1o de algod\u00f3n con dise\u00f1o a todo color de los aviones favoritos del Ej\u00e9rcito del Aire y del Espacio. Disponible en azul, rosa y blanco.<\/p>","protected":false},"featured_media":18083,"template":"","meta":[],"product_brand":[],"product_cat":[88,349,70],"product_tag":[351,89,207,350],"class_list":{"0":"post-18082","1":"product","2":"type-product","3":"status-publish","4":"has-post-thumbnail","6":"product_cat-camisetas-2","7":"product_cat-camisetas-infantiles","8":"product_cat-ropa-sport","9":"product_tag-air","10":"product_tag-camiseta","11":"product_tag-force","12":"product_tag-spanish","14":"first","15":"instock","16":"taxable","17":"shipping-taxable","18":"purchasable","19":"product-type-variable"},"_links":{"self":[{"href":"https:\/\/topofclimb.es\/en\/wp-json\/wp\/v2\/product\/18082","targetHints":{"allow":["GET"]}}],"collection":[{"href":"https:\/\/topofclimb.es\/en\/wp-json\/wp\/v2\/product"}],"about":[{"href":"https:\/\/topofclimb.es\/en\/wp-json\/wp\/v2\/types\/product"}],"wp:featuredmedia":[{"embeddable":true,"href":"https:\/\/topofclimb.es\/en\/wp-json\/wp\/v2\/media\/18083"}],"wp:attachment":[{"href":"https:\/\/topofclimb.es\/en\/wp-json\/wp\/v2\/media?parent=18082"}],"wp:term":[{"taxonomy":"product_brand","embeddable":true,"href":"https:\/\/topofclimb.es\/en\/wp-json\/wp\/v2\/product_brand?post=18082"},{"taxonomy":"product_cat","embeddable":true,"href":"https:\/\/topofclimb.es\/en\/wp-json\/wp\/v2\/product_cat?post=18082"},{"taxonomy":"product_tag","embeddable":true,"href":"https:\/\/topofclimb.es\/en\/wp-json\/wp\/v2\/product_tag?post=18082"}],"curies":[{"name":"wp","href":"https:\/\/api.w.org\/{rel}","templated":true}]}}