{"id":17999,"date":"2026-02-09T07:29:51","date_gmt":"2026-02-09T07:29:51","guid":{"rendered":"https:\/\/topofclimb.es\/?post_type=product&#038;p=17999"},"modified":"2026-03-26T11:31:06","modified_gmt":"2026-03-26T11:31:06","slug":"pulsera-de-tela-del-ala-12-rbf","status":"publish","type":"product","link":"https:\/\/topofclimb.es\/en\/product\/pulsera-de-tela-del-ala-12-rbf\/","title":{"rendered":"Pulsera de tela del Ala 12 RBF"},"content":{"rendered":"<p>Desde su establecimiento en 1939 en Torrej\u00f3n de Ardoz, el Ala 12 ha sido una unidad fundamental en la defensa a\u00e9rea y t\u00e1ctica del Ej\u00e9rcito del Aire espa\u00f1ol. Su trayectoria incluye contribuciones destacadas en misiones de defensa y seguridad.<\/p>","protected":false},"excerpt":{"rendered":"<p>Desde su establecimiento en 1939 en Torrej\u00f3n de Ardoz, el Ala 12 ha sido una unidad fundamental en la defensa a\u00e9rea y t\u00e1ctica del Ej\u00e9rcito del Aire espa\u00f1ol. Su trayectoria incluye contribuciones destacadas en misiones de defensa y seguridad.<\/p>","protected":false},"featured_media":18000,"template":"","meta":[],"product_brand":[],"product_cat":[116],"product_tag":[],"class_list":{"0":"post-17999","1":"product","2":"type-product","3":"status-publish","4":"has-post-thumbnail","6":"product_cat-pulseras","8":"first","9":"instock","10":"taxable","11":"shipping-taxable","12":"purchasable","13":"product-type-simple"},"_links":{"self":[{"href":"https:\/\/topofclimb.es\/en\/wp-json\/wp\/v2\/product\/17999","targetHints":{"allow":["GET"]}}],"collection":[{"href":"https:\/\/topofclimb.es\/en\/wp-json\/wp\/v2\/product"}],"about":[{"href":"https:\/\/topofclimb.es\/en\/wp-json\/wp\/v2\/types\/product"}],"wp:featuredmedia":[{"embeddable":true,"href":"https:\/\/topofclimb.es\/en\/wp-json\/wp\/v2\/media\/18000"}],"wp:attachment":[{"href":"https:\/\/topofclimb.es\/en\/wp-json\/wp\/v2\/media?parent=17999"}],"wp:term":[{"taxonomy":"product_brand","embeddable":true,"href":"https:\/\/topofclimb.es\/en\/wp-json\/wp\/v2\/product_brand?post=17999"},{"taxonomy":"product_cat","embeddable":true,"href":"https:\/\/topofclimb.es\/en\/wp-json\/wp\/v2\/product_cat?post=17999"},{"taxonomy":"product_tag","embeddable":true,"href":"https:\/\/topofclimb.es\/en\/wp-json\/wp\/v2\/product_tag?post=17999"}],"curies":[{"name":"wp","href":"https:\/\/api.w.org\/{rel}","templated":true}]}}