{"id":17997,"date":"2026-02-09T07:25:46","date_gmt":"2026-02-09T07:25:46","guid":{"rendered":"https:\/\/topofclimb.es\/?post_type=product&#038;p=17997"},"modified":"2026-03-28T12:59:30","modified_gmt":"2026-03-28T12:59:30","slug":"pulsera-de-tela-espana-con-cierre-pasador","status":"publish","type":"product","link":"https:\/\/topofclimb.es\/en\/product\/pulsera-de-tela-espana-con-cierre-pasador\/","title":{"rendered":"Pulsera de tela Espa\u00f1a con cierre pasador"},"content":{"rendered":"<p>Pulsera de tela con la bandera de Espa\u00f1a.<br \/>\nIncluye cierre pasador pl\u00e1stico con la bandera de Espa\u00f1a.<\/p>","protected":false},"excerpt":{"rendered":"<p>Pulsera de tela con la bandera de Espa\u00f1a. Incluye cierre pasador pl\u00e1stico con la bandera de Espa\u00f1a.<\/p>","protected":false},"featured_media":17998,"template":"","meta":[],"product_brand":[],"product_cat":[116],"product_tag":[],"class_list":{"0":"post-17997","1":"product","2":"type-product","3":"status-publish","4":"has-post-thumbnail","6":"product_cat-pulseras","8":"first","9":"instock","10":"taxable","11":"shipping-taxable","12":"purchasable","13":"product-type-simple"},"_links":{"self":[{"href":"https:\/\/topofclimb.es\/en\/wp-json\/wp\/v2\/product\/17997","targetHints":{"allow":["GET"]}}],"collection":[{"href":"https:\/\/topofclimb.es\/en\/wp-json\/wp\/v2\/product"}],"about":[{"href":"https:\/\/topofclimb.es\/en\/wp-json\/wp\/v2\/types\/product"}],"wp:featuredmedia":[{"embeddable":true,"href":"https:\/\/topofclimb.es\/en\/wp-json\/wp\/v2\/media\/17998"}],"wp:attachment":[{"href":"https:\/\/topofclimb.es\/en\/wp-json\/wp\/v2\/media?parent=17997"}],"wp:term":[{"taxonomy":"product_brand","embeddable":true,"href":"https:\/\/topofclimb.es\/en\/wp-json\/wp\/v2\/product_brand?post=17997"},{"taxonomy":"product_cat","embeddable":true,"href":"https:\/\/topofclimb.es\/en\/wp-json\/wp\/v2\/product_cat?post=17997"},{"taxonomy":"product_tag","embeddable":true,"href":"https:\/\/topofclimb.es\/en\/wp-json\/wp\/v2\/product_tag?post=17997"}],"curies":[{"name":"wp","href":"https:\/\/api.w.org\/{rel}","templated":true}]}}