{"id":17993,"date":"2026-02-09T07:10:04","date_gmt":"2026-02-09T07:10:04","guid":{"rendered":"https:\/\/topofclimb.es\/?post_type=product&#038;p=17993"},"modified":"2026-04-01T10:18:27","modified_gmt":"2026-04-01T10:18:27","slug":"pulsera-tela-ntra-sra-virgen-de-loreto","status":"publish","type":"product","link":"https:\/\/topofclimb.es\/en\/product\/pulsera-tela-ntra-sra-virgen-de-loreto\/","title":{"rendered":"Pulsera tela Ntra. Sra. Virgen de Loreto"},"content":{"rendered":"<p>Esta pulsera est\u00e1 dise\u00f1ada para honrar la protecci\u00f3n y la fe asociadas con la patrona de la aviaci\u00f3n y de aquellos que buscan seguridad en sus viajes.<\/p>","protected":false},"excerpt":{"rendered":"<p>Esta pulsera est\u00e1 dise\u00f1ada para honrar la protecci\u00f3n y la fe asociadas con la patrona de la aviaci\u00f3n y de aquellos que buscan seguridad en sus viajes.<\/p>","protected":false},"featured_media":17994,"template":"","meta":[],"product_brand":[],"product_cat":[116],"product_tag":[],"class_list":{"0":"post-17993","1":"product","2":"type-product","3":"status-publish","4":"has-post-thumbnail","6":"product_cat-pulseras","8":"first","9":"outofstock","10":"taxable","11":"shipping-taxable","12":"purchasable","13":"product-type-simple"},"_links":{"self":[{"href":"https:\/\/topofclimb.es\/en\/wp-json\/wp\/v2\/product\/17993","targetHints":{"allow":["GET"]}}],"collection":[{"href":"https:\/\/topofclimb.es\/en\/wp-json\/wp\/v2\/product"}],"about":[{"href":"https:\/\/topofclimb.es\/en\/wp-json\/wp\/v2\/types\/product"}],"wp:featuredmedia":[{"embeddable":true,"href":"https:\/\/topofclimb.es\/en\/wp-json\/wp\/v2\/media\/17994"}],"wp:attachment":[{"href":"https:\/\/topofclimb.es\/en\/wp-json\/wp\/v2\/media?parent=17993"}],"wp:term":[{"taxonomy":"product_brand","embeddable":true,"href":"https:\/\/topofclimb.es\/en\/wp-json\/wp\/v2\/product_brand?post=17993"},{"taxonomy":"product_cat","embeddable":true,"href":"https:\/\/topofclimb.es\/en\/wp-json\/wp\/v2\/product_cat?post=17993"},{"taxonomy":"product_tag","embeddable":true,"href":"https:\/\/topofclimb.es\/en\/wp-json\/wp\/v2\/product_tag?post=17993"}],"curies":[{"name":"wp","href":"https:\/\/api.w.org\/{rel}","templated":true}]}}