{"id":17977,"date":"2026-02-04T14:42:37","date_gmt":"2026-02-04T14:42:37","guid":{"rendered":"https:\/\/topofclimb.es\/?post_type=product&#038;p=17977"},"modified":"2026-02-04T14:43:33","modified_gmt":"2026-02-04T14:43:33","slug":"parche-nylon-3d-eurofighter-c-16-de-espana","status":"publish","type":"product","link":"https:\/\/topofclimb.es\/en\/product\/parche-nylon-3d-eurofighter-c-16-de-espana\/","title":{"rendered":"Parche Nylon 3D Eurofighter C-16 de Espa\u00f1a"},"content":{"rendered":"<p>Parche redondo de nylon con velcro impreso en 3D de un Eurofighter C-16 del Ej\u00e9rcito del Aire y del Espacio, marco de bandera de Espa\u00f1a. <\/p>","protected":false},"excerpt":{"rendered":"<p>Parche redondo de nylon con velcro impreso en 3D de un Eurofighter C-16 del Ej\u00e9rcito del Aire y del Espacio, marco de bandera de Espa\u00f1a.<\/p>","protected":false},"featured_media":17978,"template":"","meta":[],"product_brand":[],"product_cat":[174],"product_tag":[90,175],"class_list":{"0":"post-17977","1":"product","2":"type-product","3":"status-publish","4":"has-post-thumbnail","6":"product_cat-parches","7":"product_tag-eurofighter","8":"product_tag-parche","10":"first","11":"instock","12":"taxable","13":"shipping-taxable","14":"purchasable","15":"product-type-simple"},"_links":{"self":[{"href":"https:\/\/topofclimb.es\/en\/wp-json\/wp\/v2\/product\/17977","targetHints":{"allow":["GET"]}}],"collection":[{"href":"https:\/\/topofclimb.es\/en\/wp-json\/wp\/v2\/product"}],"about":[{"href":"https:\/\/topofclimb.es\/en\/wp-json\/wp\/v2\/types\/product"}],"wp:featuredmedia":[{"embeddable":true,"href":"https:\/\/topofclimb.es\/en\/wp-json\/wp\/v2\/media\/17978"}],"wp:attachment":[{"href":"https:\/\/topofclimb.es\/en\/wp-json\/wp\/v2\/media?parent=17977"}],"wp:term":[{"taxonomy":"product_brand","embeddable":true,"href":"https:\/\/topofclimb.es\/en\/wp-json\/wp\/v2\/product_brand?post=17977"},{"taxonomy":"product_cat","embeddable":true,"href":"https:\/\/topofclimb.es\/en\/wp-json\/wp\/v2\/product_cat?post=17977"},{"taxonomy":"product_tag","embeddable":true,"href":"https:\/\/topofclimb.es\/en\/wp-json\/wp\/v2\/product_tag?post=17977"}],"curies":[{"name":"wp","href":"https:\/\/api.w.org\/{rel}","templated":true}]}}