{"id":17975,"date":"2026-02-04T14:34:25","date_gmt":"2026-02-04T14:34:25","guid":{"rendered":"https:\/\/topofclimb.es\/?post_type=product&#038;p=17975"},"modified":"2026-04-16T11:30:44","modified_gmt":"2026-04-16T11:30:44","slug":"parche-de-nylon-3d-ala-12-blanco","status":"publish","type":"product","link":"https:\/\/topofclimb.es\/en\/product\/parche-de-nylon-3d-ala-12-blanco\/","title":{"rendered":"Parche de Nylon 3D Ala 12 Blanco"},"content":{"rendered":"<p>Accesorio de 90 mm de di\u00e1metro, fabricado en nylon mediante impresi\u00f3n 3D para garantizar una alta calidad. Gracias a este m\u00e9todo de fabricaci\u00f3n, los colores se reproducen con gran definici\u00f3n y precisi\u00f3n. Adem\u00e1s, viene con velcro que facilita su uso y cambio, permitiendo una f\u00e1cil personalizaci\u00f3n en diferentes prendas.<\/p>\n<p>Incluye parte trasera.<\/p>\n<p>Impresi\u00f3n de alta resoluci\u00f3n.<\/p>","protected":false},"excerpt":{"rendered":"<p>Accesorio de 90 mm de di\u00e1metro, fabricado en nylon mediante impresi\u00f3n 3D para garantizar una alta calidad. Gracias a este m\u00e9todo de fabricaci\u00f3n, los colores se reproducen con gran definici\u00f3n y precisi\u00f3n. Adem\u00e1s, viene con velcro que facilita su uso y cambio, permitiendo una f\u00e1cil personalizaci\u00f3n en diferentes prendas. Incluye parte trasera. Impresi\u00f3n de alta [&#8230;]\n","protected":false},"featured_media":17976,"template":"","meta":[],"product_brand":[],"product_cat":[174],"product_tag":[],"class_list":{"0":"post-17975","1":"product","2":"type-product","3":"status-publish","4":"has-post-thumbnail","6":"product_cat-parches","8":"first","9":"instock","10":"taxable","11":"shipping-taxable","12":"purchasable","13":"product-type-simple"},"_links":{"self":[{"href":"https:\/\/topofclimb.es\/en\/wp-json\/wp\/v2\/product\/17975","targetHints":{"allow":["GET"]}}],"collection":[{"href":"https:\/\/topofclimb.es\/en\/wp-json\/wp\/v2\/product"}],"about":[{"href":"https:\/\/topofclimb.es\/en\/wp-json\/wp\/v2\/types\/product"}],"wp:featuredmedia":[{"embeddable":true,"href":"https:\/\/topofclimb.es\/en\/wp-json\/wp\/v2\/media\/17976"}],"wp:attachment":[{"href":"https:\/\/topofclimb.es\/en\/wp-json\/wp\/v2\/media?parent=17975"}],"wp:term":[{"taxonomy":"product_brand","embeddable":true,"href":"https:\/\/topofclimb.es\/en\/wp-json\/wp\/v2\/product_brand?post=17975"},{"taxonomy":"product_cat","embeddable":true,"href":"https:\/\/topofclimb.es\/en\/wp-json\/wp\/v2\/product_cat?post=17975"},{"taxonomy":"product_tag","embeddable":true,"href":"https:\/\/topofclimb.es\/en\/wp-json\/wp\/v2\/product_tag?post=17975"}],"curies":[{"name":"wp","href":"https:\/\/api.w.org\/{rel}","templated":true}]}}