{"id":17971,"date":"2026-02-04T10:57:58","date_gmt":"2026-02-04T10:57:58","guid":{"rendered":"https:\/\/topofclimb.es\/?post_type=product&#038;p=17971"},"modified":"2026-02-04T10:57:59","modified_gmt":"2026-02-04T10:57:59","slug":"maqueta-lockheedl-1049-super-constellation-twa","status":"publish","type":"product","link":"https:\/\/topofclimb.es\/en\/product\/maqueta-lockheedl-1049-super-constellation-twa\/","title":{"rendered":"Maqueta LockheedL-1049 Super Constellation TWA"},"content":{"rendered":"<p>La Maqueta ockheedL-1049 Super Constellation TWA est\u00e1 fabricada con pl\u00e1stico de alta calidad y con gran calidad de detalles.<\/p>\n<p>Aerol\u00ednea: TWA<\/p>\n<p>Modelo: LockheedL-1049 Super Constellation<\/p>\n<p>Escala: 1\/125<\/p>\n<p>Material: Pl\u00e1stico de Alta calidad<\/p>\n<p>Accesorios incluidos: Peana<\/p>","protected":false},"excerpt":{"rendered":"<p>La Maqueta ockheedL-1049 Super Constellation TWA est\u00e1 fabricada con pl\u00e1stico de alta calidad y con gran calidad de detalles. Aerol\u00ednea: TWA Modelo: LockheedL-1049 Super Constellation Escala: 1\/125 Material: Pl\u00e1stico de Alta calidad Accesorios incluidos: Peana<\/p>","protected":false},"featured_media":17972,"template":"","meta":[],"product_brand":[],"product_cat":[309],"product_tag":[136,347,346],"class_list":{"0":"post-17971","1":"product","2":"type-product","3":"status-publish","4":"has-post-thumbnail","6":"product_cat-maquetas","7":"product_tag-maqueta","8":"product_tag-superconstellation","9":"product_tag-twa","11":"first","12":"instock","13":"taxable","14":"shipping-taxable","15":"purchasable","16":"product-type-simple"},"_links":{"self":[{"href":"https:\/\/topofclimb.es\/en\/wp-json\/wp\/v2\/product\/17971","targetHints":{"allow":["GET"]}}],"collection":[{"href":"https:\/\/topofclimb.es\/en\/wp-json\/wp\/v2\/product"}],"about":[{"href":"https:\/\/topofclimb.es\/en\/wp-json\/wp\/v2\/types\/product"}],"wp:featuredmedia":[{"embeddable":true,"href":"https:\/\/topofclimb.es\/en\/wp-json\/wp\/v2\/media\/17972"}],"wp:attachment":[{"href":"https:\/\/topofclimb.es\/en\/wp-json\/wp\/v2\/media?parent=17971"}],"wp:term":[{"taxonomy":"product_brand","embeddable":true,"href":"https:\/\/topofclimb.es\/en\/wp-json\/wp\/v2\/product_brand?post=17971"},{"taxonomy":"product_cat","embeddable":true,"href":"https:\/\/topofclimb.es\/en\/wp-json\/wp\/v2\/product_cat?post=17971"},{"taxonomy":"product_tag","embeddable":true,"href":"https:\/\/topofclimb.es\/en\/wp-json\/wp\/v2\/product_tag?post=17971"}],"curies":[{"name":"wp","href":"https:\/\/api.w.org\/{rel}","templated":true}]}}