{"id":17969,"date":"2026-02-04T10:47:38","date_gmt":"2026-02-04T10:47:38","guid":{"rendered":"https:\/\/topofclimb.es\/?post_type=product&#038;p=17969"},"modified":"2026-02-04T10:47:39","modified_gmt":"2026-02-04T10:47:39","slug":"maqueta-olympic-air-bombardier-dash-8-300-1-100","status":"publish","type":"product","link":"https:\/\/topofclimb.es\/en\/product\/maqueta-olympic-air-bombardier-dash-8-300-1-100\/","title":{"rendered":"Maqueta Olympic Air Bombardier Dash 8-300 1\/100"},"content":{"rendered":"<p>La Maqueta Olympic Air Bombardier Dash 8-300 1\/100 est\u00e1 fabricada con pl\u00e1stico de alta calidad y con gran calidad de detalles.<\/p>\n<p>Aerol\u00ednea: Olympic Air<\/p>\n<p>Modelo: DHC-8-300<\/p>\n<p>Escala: 1\/100<\/p>\n<p>Material: Pl\u00e1stico de Alta calidad<\/p>\n<p>Accesorios incluidos: Peana<\/p>","protected":false},"excerpt":{"rendered":"<p>La Maqueta Olympic Air Bombardier Dash 8-300 1\/100 est\u00e1 fabricada con pl\u00e1stico de alta calidad y con gran calidad de detalles. Aerol\u00ednea: Olympic Air Modelo: DHC-8-300 Escala: 1\/100 Material: Pl\u00e1stico de Alta calidad Accesorios incluidos: Peana<\/p>","protected":false},"featured_media":17970,"template":"","meta":[],"product_brand":[],"product_cat":[309],"product_tag":[345,136,344],"class_list":{"0":"post-17969","1":"product","2":"type-product","3":"status-publish","4":"has-post-thumbnail","6":"product_cat-maquetas","7":"product_tag-bombardier","8":"product_tag-maqueta","9":"product_tag-olympic","11":"first","12":"instock","13":"taxable","14":"shipping-taxable","15":"purchasable","16":"product-type-simple"},"_links":{"self":[{"href":"https:\/\/topofclimb.es\/en\/wp-json\/wp\/v2\/product\/17969","targetHints":{"allow":["GET"]}}],"collection":[{"href":"https:\/\/topofclimb.es\/en\/wp-json\/wp\/v2\/product"}],"about":[{"href":"https:\/\/topofclimb.es\/en\/wp-json\/wp\/v2\/types\/product"}],"wp:featuredmedia":[{"embeddable":true,"href":"https:\/\/topofclimb.es\/en\/wp-json\/wp\/v2\/media\/17970"}],"wp:attachment":[{"href":"https:\/\/topofclimb.es\/en\/wp-json\/wp\/v2\/media?parent=17969"}],"wp:term":[{"taxonomy":"product_brand","embeddable":true,"href":"https:\/\/topofclimb.es\/en\/wp-json\/wp\/v2\/product_brand?post=17969"},{"taxonomy":"product_cat","embeddable":true,"href":"https:\/\/topofclimb.es\/en\/wp-json\/wp\/v2\/product_cat?post=17969"},{"taxonomy":"product_tag","embeddable":true,"href":"https:\/\/topofclimb.es\/en\/wp-json\/wp\/v2\/product_tag?post=17969"}],"curies":[{"name":"wp","href":"https:\/\/api.w.org\/{rel}","templated":true}]}}