{"id":17963,"date":"2026-02-04T09:20:33","date_gmt":"2026-02-04T09:20:33","guid":{"rendered":"https:\/\/topofclimb.es\/?post_type=product&#038;p=17963"},"modified":"2026-02-04T09:52:04","modified_gmt":"2026-02-04T09:52:04","slug":"maqueta-cathay-pacific-airbus-a350-1000-1-200","status":"publish","type":"product","link":"https:\/\/topofclimb.es\/en\/product\/maqueta-cathay-pacific-airbus-a350-1000-1-200\/","title":{"rendered":"Maqueta Cathay Pacific Airbus A350-1000 1\/200"},"content":{"rendered":"<p>Escala: 1\/200<br \/>\nAerol\u00ednea: Cathay Pacific<br \/>\nAvi\u00f3n: Airbus A350-1000<br \/>\nPa\u00eds: Hong Kong<br \/>\nMaterial: Pl\u00e1stico<\/p>","protected":false},"excerpt":{"rendered":"<p>Escala: 1\/200 Aerol\u00ednea: Cathay Pacific Avi\u00f3n: Airbus A350-1000 Pa\u00eds: Hong Kong Material: Pl\u00e1stico<\/p>","protected":false},"featured_media":17964,"template":"","meta":[],"product_brand":[],"product_cat":[309],"product_tag":[],"class_list":{"0":"post-17963","1":"product","2":"type-product","3":"status-publish","4":"has-post-thumbnail","6":"product_cat-maquetas","8":"first","9":"instock","10":"taxable","11":"shipping-taxable","12":"purchasable","13":"product-type-simple"},"_links":{"self":[{"href":"https:\/\/topofclimb.es\/en\/wp-json\/wp\/v2\/product\/17963","targetHints":{"allow":["GET"]}}],"collection":[{"href":"https:\/\/topofclimb.es\/en\/wp-json\/wp\/v2\/product"}],"about":[{"href":"https:\/\/topofclimb.es\/en\/wp-json\/wp\/v2\/types\/product"}],"wp:featuredmedia":[{"embeddable":true,"href":"https:\/\/topofclimb.es\/en\/wp-json\/wp\/v2\/media\/17964"}],"wp:attachment":[{"href":"https:\/\/topofclimb.es\/en\/wp-json\/wp\/v2\/media?parent=17963"}],"wp:term":[{"taxonomy":"product_brand","embeddable":true,"href":"https:\/\/topofclimb.es\/en\/wp-json\/wp\/v2\/product_brand?post=17963"},{"taxonomy":"product_cat","embeddable":true,"href":"https:\/\/topofclimb.es\/en\/wp-json\/wp\/v2\/product_cat?post=17963"},{"taxonomy":"product_tag","embeddable":true,"href":"https:\/\/topofclimb.es\/en\/wp-json\/wp\/v2\/product_tag?post=17963"}],"curies":[{"name":"wp","href":"https:\/\/api.w.org\/{rel}","templated":true}]}}