{"id":17956,"date":"2026-02-04T07:27:32","date_gmt":"2026-02-04T07:27:32","guid":{"rendered":"https:\/\/topofclimb.es\/?post_type=product&#038;p=17956"},"modified":"2026-04-05T12:50:16","modified_gmt":"2026-04-05T12:50:16","slug":"maqueta-buzz-b-737-max-8-1-200","status":"publish","type":"product","link":"https:\/\/topofclimb.es\/en\/product\/maqueta-buzz-b-737-max-8-1-200\/","title":{"rendered":"Maqueta Buzz B 737 MAX 8 1\/200"},"content":{"rendered":"<p>La Maqueta Boeing B737 MAX 8 de Buzz est\u00e1 fabricada con pl\u00e1stico de alta calidad y con gran calidad de detalles.<\/p>\n<p>Aerol\u00ednea: Buzz<\/p>\n<p>Modelo: Boeing B737 MAX 8<\/p>\n<p>Escala: 1\/200<\/p>\n<p>Material: Pl\u00e1stico de Alta calidad<\/p>\n<p>Accesorios incluidos: Peana<\/p>","protected":false},"excerpt":{"rendered":"<p>La Maqueta Boeing B737 MAX 8 de Buzz est\u00e1 fabricada con pl\u00e1stico de alta calidad y con gran calidad de detalles. Aerol\u00ednea: Buzz Modelo: Boeing B737 MAX 8 Escala: 1\/200 Material: Pl\u00e1stico de Alta calidad Accesorios incluidos: Peana<\/p>","protected":false},"featured_media":17957,"template":"","meta":[],"product_brand":[],"product_cat":[309],"product_tag":[338,136],"class_list":{"0":"post-17956","1":"product","2":"type-product","3":"status-publish","4":"has-post-thumbnail","6":"product_cat-maquetas","7":"product_tag-buzz","8":"product_tag-maqueta","10":"first","11":"instock","12":"taxable","13":"shipping-taxable","14":"purchasable","15":"product-type-simple"},"_links":{"self":[{"href":"https:\/\/topofclimb.es\/en\/wp-json\/wp\/v2\/product\/17956","targetHints":{"allow":["GET"]}}],"collection":[{"href":"https:\/\/topofclimb.es\/en\/wp-json\/wp\/v2\/product"}],"about":[{"href":"https:\/\/topofclimb.es\/en\/wp-json\/wp\/v2\/types\/product"}],"wp:featuredmedia":[{"embeddable":true,"href":"https:\/\/topofclimb.es\/en\/wp-json\/wp\/v2\/media\/17957"}],"wp:attachment":[{"href":"https:\/\/topofclimb.es\/en\/wp-json\/wp\/v2\/media?parent=17956"}],"wp:term":[{"taxonomy":"product_brand","embeddable":true,"href":"https:\/\/topofclimb.es\/en\/wp-json\/wp\/v2\/product_brand?post=17956"},{"taxonomy":"product_cat","embeddable":true,"href":"https:\/\/topofclimb.es\/en\/wp-json\/wp\/v2\/product_cat?post=17956"},{"taxonomy":"product_tag","embeddable":true,"href":"https:\/\/topofclimb.es\/en\/wp-json\/wp\/v2\/product_tag?post=17956"}],"curies":[{"name":"wp","href":"https:\/\/api.w.org\/{rel}","templated":true}]}}