{"id":17952,"date":"2026-02-04T07:02:12","date_gmt":"2026-02-04T07:02:12","guid":{"rendered":"https:\/\/topofclimb.es\/?post_type=product&#038;p=17952"},"modified":"2026-02-04T07:06:01","modified_gmt":"2026-02-04T07:06:01","slug":"maqueta-vueling-a-321-neo-1-200","status":"publish","type":"product","link":"https:\/\/topofclimb.es\/en\/product\/maqueta-vueling-a-321-neo-1-200\/","title":{"rendered":"Maqueta Vueling A 321 neo 1\/200"},"content":{"rendered":"<p>La Maqueta Airbus A321 Neo Vueling est\u00e1 fabricada con pl\u00e1stico de alta calidad y con gran calidad de detalles.<\/p>\n<p>Aerol\u00ednea: Vueling<\/p>\n<p>Modelo: Airbus A321 Neo<\/p>\n<p>Escala: 1\/200<\/p>\n<p>Material: Pl\u00e1stico de Alta calidad<\/p>\n<p>Accesorios incluidos: Peana<\/p>","protected":false},"excerpt":{"rendered":"<p>La Maqueta Airbus A321 Neo Vueling est\u00e1 fabricada con pl\u00e1stico de alta calidad y con gran calidad de detalles. Aerol\u00ednea: Vueling Modelo: Airbus A321 Neo Escala: 1\/200 Material: Pl\u00e1stico de Alta calidad Accesorios incluidos: Peana<\/p>","protected":false},"featured_media":17953,"template":"","meta":[],"product_brand":[],"product_cat":[309],"product_tag":[136,336],"class_list":{"0":"post-17952","1":"product","2":"type-product","3":"status-publish","4":"has-post-thumbnail","6":"product_cat-maquetas","7":"product_tag-maqueta","8":"product_tag-vueling","10":"first","11":"instock","12":"taxable","13":"shipping-taxable","14":"purchasable","15":"product-type-simple"},"_links":{"self":[{"href":"https:\/\/topofclimb.es\/en\/wp-json\/wp\/v2\/product\/17952","targetHints":{"allow":["GET"]}}],"collection":[{"href":"https:\/\/topofclimb.es\/en\/wp-json\/wp\/v2\/product"}],"about":[{"href":"https:\/\/topofclimb.es\/en\/wp-json\/wp\/v2\/types\/product"}],"wp:featuredmedia":[{"embeddable":true,"href":"https:\/\/topofclimb.es\/en\/wp-json\/wp\/v2\/media\/17953"}],"wp:attachment":[{"href":"https:\/\/topofclimb.es\/en\/wp-json\/wp\/v2\/media?parent=17952"}],"wp:term":[{"taxonomy":"product_brand","embeddable":true,"href":"https:\/\/topofclimb.es\/en\/wp-json\/wp\/v2\/product_brand?post=17952"},{"taxonomy":"product_cat","embeddable":true,"href":"https:\/\/topofclimb.es\/en\/wp-json\/wp\/v2\/product_cat?post=17952"},{"taxonomy":"product_tag","embeddable":true,"href":"https:\/\/topofclimb.es\/en\/wp-json\/wp\/v2\/product_tag?post=17952"}],"curies":[{"name":"wp","href":"https:\/\/api.w.org\/{rel}","templated":true}]}}