{"id":17929,"date":"2026-02-03T14:18:59","date_gmt":"2026-02-03T14:18:59","guid":{"rendered":"https:\/\/topofclimb.es\/?post_type=product&#038;p=17929"},"modified":"2026-03-28T13:36:07","modified_gmt":"2026-03-28T13:36:07","slug":"modelo-de-fundicion-f4u-corsair-172","status":"publish","type":"product","link":"https:\/\/topofclimb.es\/en\/product\/modelo-de-fundicion-f4u-corsair-172\/","title":{"rendered":"Modelo de fundici\u00f3n F4U Corsair 1:72"},"content":{"rendered":"<p>Descubre este detallado modelo die-cast del F4U Corsair. Este legendario avi\u00f3n de combate, conocido por sus distintivas alas de gaviota invertida y su participaci\u00f3n en el Pac\u00edfico durante la Segunda Guerra Mundial, viene montado sobre una base s\u00f3lida. \u00a1Perfecto para coleccionistas y aficionados a la aviaci\u00f3n militar!<\/p>\n<p>Escala: 1:72<br \/>\nMaterial: Base met\u00e1lica con piezas de pl\u00e1stico<\/p>","protected":false},"excerpt":{"rendered":"<p>Descubre este detallado modelo die-cast del F4U Corsair. Este legendario avi\u00f3n de combate, conocido por sus distintivas alas de gaviota invertida y su participaci\u00f3n en el Pac\u00edfico durante la Segunda Guerra Mundial, viene montado sobre una base s\u00f3lida. \u00a1Perfecto para coleccionistas y aficionados a la aviaci\u00f3n militar! Escala: 1:72 Material: Base met\u00e1lica con piezas de [&#8230;]\n","protected":false},"featured_media":17931,"template":"","meta":[],"product_brand":[],"product_cat":[309],"product_tag":[136],"class_list":{"0":"post-17929","1":"product","2":"type-product","3":"status-publish","4":"has-post-thumbnail","6":"product_cat-maquetas","7":"product_tag-maqueta","9":"first","10":"instock","11":"taxable","12":"shipping-taxable","13":"purchasable","14":"product-type-simple"},"_links":{"self":[{"href":"https:\/\/topofclimb.es\/en\/wp-json\/wp\/v2\/product\/17929","targetHints":{"allow":["GET"]}}],"collection":[{"href":"https:\/\/topofclimb.es\/en\/wp-json\/wp\/v2\/product"}],"about":[{"href":"https:\/\/topofclimb.es\/en\/wp-json\/wp\/v2\/types\/product"}],"wp:featuredmedia":[{"embeddable":true,"href":"https:\/\/topofclimb.es\/en\/wp-json\/wp\/v2\/media\/17931"}],"wp:attachment":[{"href":"https:\/\/topofclimb.es\/en\/wp-json\/wp\/v2\/media?parent=17929"}],"wp:term":[{"taxonomy":"product_brand","embeddable":true,"href":"https:\/\/topofclimb.es\/en\/wp-json\/wp\/v2\/product_brand?post=17929"},{"taxonomy":"product_cat","embeddable":true,"href":"https:\/\/topofclimb.es\/en\/wp-json\/wp\/v2\/product_cat?post=17929"},{"taxonomy":"product_tag","embeddable":true,"href":"https:\/\/topofclimb.es\/en\/wp-json\/wp\/v2\/product_tag?post=17929"}],"curies":[{"name":"wp","href":"https:\/\/api.w.org\/{rel}","templated":true}]}}