{"id":17918,"date":"2026-02-03T11:42:02","date_gmt":"2026-02-03T11:42:02","guid":{"rendered":"https:\/\/topofclimb.es\/?post_type=product&#038;p=17918"},"modified":"2026-02-03T11:42:02","modified_gmt":"2026-02-03T11:42:02","slug":"bolsa-paracaidas-8-mochila-comando","status":"publish","type":"product","link":"https:\/\/topofclimb.es\/en\/product\/bolsa-paracaidas-8-mochila-comando\/","title":{"rendered":"Bolsa paraca\u00eddas 8 &#8211; mochila comando"},"content":{"rendered":"<p>Bolsa paraca\u00eddas 8 &#8211; mochila comando fabricada en nylon 100%. <\/p>\n<p>Caracter\u00edsticas:<\/p>\n<p>Cierre de paraca\u00eddas real para la decoraci\u00f3n<br \/>\nC\u00f3modas correas de transporte ajustables<\/p>\n<p>Talla: 47 x 29 x 15,5 cm<\/p>","protected":false},"excerpt":{"rendered":"<p>Bolsa paraca\u00eddas 8 &#8211; mochila comando fabricada en nylon 100%. Caracter\u00edsticas: Cierre de paraca\u00eddas real para la decoraci\u00f3n C\u00f3modas correas de transporte ajustables Talla: 47 x 29 x 15,5 cm<\/p>","protected":false},"featured_media":17919,"template":"","meta":[],"product_brand":[],"product_cat":[315],"product_tag":[],"class_list":{"0":"post-17918","1":"product","2":"type-product","3":"status-publish","4":"has-post-thumbnail","6":"product_cat-mochilas","8":"first","9":"instock","10":"taxable","11":"shipping-taxable","12":"purchasable","13":"product-type-simple"},"_links":{"self":[{"href":"https:\/\/topofclimb.es\/en\/wp-json\/wp\/v2\/product\/17918","targetHints":{"allow":["GET"]}}],"collection":[{"href":"https:\/\/topofclimb.es\/en\/wp-json\/wp\/v2\/product"}],"about":[{"href":"https:\/\/topofclimb.es\/en\/wp-json\/wp\/v2\/types\/product"}],"wp:featuredmedia":[{"embeddable":true,"href":"https:\/\/topofclimb.es\/en\/wp-json\/wp\/v2\/media\/17919"}],"wp:attachment":[{"href":"https:\/\/topofclimb.es\/en\/wp-json\/wp\/v2\/media?parent=17918"}],"wp:term":[{"taxonomy":"product_brand","embeddable":true,"href":"https:\/\/topofclimb.es\/en\/wp-json\/wp\/v2\/product_brand?post=17918"},{"taxonomy":"product_cat","embeddable":true,"href":"https:\/\/topofclimb.es\/en\/wp-json\/wp\/v2\/product_cat?post=17918"},{"taxonomy":"product_tag","embeddable":true,"href":"https:\/\/topofclimb.es\/en\/wp-json\/wp\/v2\/product_tag?post=17918"}],"curies":[{"name":"wp","href":"https:\/\/api.w.org\/{rel}","templated":true}]}}