{"id":17910,"date":"2026-02-03T10:29:37","date_gmt":"2026-02-03T10:29:37","guid":{"rendered":"https:\/\/topofclimb.es\/?post_type=product&#038;p=17910"},"modified":"2026-02-03T10:35:56","modified_gmt":"2026-02-03T10:35:56","slug":"mochila-infantil-u-s-army","status":"publish","type":"product","link":"https:\/\/topofclimb.es\/en\/product\/mochila-infantil-u-s-army\/","title":{"rendered":"Mochila infantil U.S. Army"},"content":{"rendered":"<p>Mochila para ni\u00f1os de la serie WWII, ej\u00e9rcito de EE. UU.<br \/>\nUna mochila de lona para ni\u00f1os con la estrella aliada estadounidense.<br \/>\nBonita bolsa de ej\u00e9rcito especialmente dise\u00f1ada para los ni\u00f1os. Perfecta para la escuela, los deportes o una excursi\u00f3n de un d\u00eda.<\/p>","protected":false},"excerpt":{"rendered":"<p>Mochila para ni\u00f1os de la serie WWII, ej\u00e9rcito de EE. UU. Una mochila de lona para ni\u00f1os con la estrella aliada estadounidense. Bonita bolsa de ej\u00e9rcito especialmente dise\u00f1ada para los ni\u00f1os. Perfecta para la escuela, los deportes o una excursi\u00f3n de un d\u00eda.<\/p>","protected":false},"featured_media":17911,"template":"","meta":[],"product_brand":[],"product_cat":[315],"product_tag":[],"class_list":{"0":"post-17910","1":"product","2":"type-product","3":"status-publish","4":"has-post-thumbnail","6":"product_cat-mochilas","8":"first","9":"instock","10":"taxable","11":"shipping-taxable","12":"purchasable","13":"product-type-variable"},"_links":{"self":[{"href":"https:\/\/topofclimb.es\/en\/wp-json\/wp\/v2\/product\/17910","targetHints":{"allow":["GET"]}}],"collection":[{"href":"https:\/\/topofclimb.es\/en\/wp-json\/wp\/v2\/product"}],"about":[{"href":"https:\/\/topofclimb.es\/en\/wp-json\/wp\/v2\/types\/product"}],"wp:featuredmedia":[{"embeddable":true,"href":"https:\/\/topofclimb.es\/en\/wp-json\/wp\/v2\/media\/17911"}],"wp:attachment":[{"href":"https:\/\/topofclimb.es\/en\/wp-json\/wp\/v2\/media?parent=17910"}],"wp:term":[{"taxonomy":"product_brand","embeddable":true,"href":"https:\/\/topofclimb.es\/en\/wp-json\/wp\/v2\/product_brand?post=17910"},{"taxonomy":"product_cat","embeddable":true,"href":"https:\/\/topofclimb.es\/en\/wp-json\/wp\/v2\/product_cat?post=17910"},{"taxonomy":"product_tag","embeddable":true,"href":"https:\/\/topofclimb.es\/en\/wp-json\/wp\/v2\/product_tag?post=17910"}],"curies":[{"name":"wp","href":"https:\/\/api.w.org\/{rel}","templated":true}]}}