{"id":17900,"date":"2026-02-03T10:15:23","date_gmt":"2026-02-03T10:15:23","guid":{"rendered":"https:\/\/topofclimb.es\/?post_type=product&#038;p=17900"},"modified":"2026-04-05T11:34:44","modified_gmt":"2026-04-05T11:34:44","slug":"gorra-beisbol-ch-47","status":"publish","type":"product","link":"https:\/\/topofclimb.es\/en\/product\/gorra-beisbol-ch-47\/","title":{"rendered":"Gorra B\u00e9isbol CH-47"},"content":{"rendered":"<p>Gorra B\u00e9isbol CH-47 Chinook hecho de 100% algod\u00f3n.<\/p>","protected":false},"excerpt":{"rendered":"<p>Gorra B\u00e9isbol CH-47 Chinook hecho de 100% algod\u00f3n.<\/p>","protected":false},"featured_media":17901,"template":"","meta":[],"product_brand":[],"product_cat":[109,70],"product_tag":[335,110],"class_list":{"0":"post-17900","1":"product","2":"type-product","3":"status-publish","4":"has-post-thumbnail","6":"product_cat-gorras","7":"product_cat-ropa-sport","8":"product_tag-ch-47","9":"product_tag-gorra","11":"first","12":"instock","13":"taxable","14":"shipping-taxable","15":"purchasable","16":"product-type-simple"},"_links":{"self":[{"href":"https:\/\/topofclimb.es\/en\/wp-json\/wp\/v2\/product\/17900","targetHints":{"allow":["GET"]}}],"collection":[{"href":"https:\/\/topofclimb.es\/en\/wp-json\/wp\/v2\/product"}],"about":[{"href":"https:\/\/topofclimb.es\/en\/wp-json\/wp\/v2\/types\/product"}],"wp:featuredmedia":[{"embeddable":true,"href":"https:\/\/topofclimb.es\/en\/wp-json\/wp\/v2\/media\/17901"}],"wp:attachment":[{"href":"https:\/\/topofclimb.es\/en\/wp-json\/wp\/v2\/media?parent=17900"}],"wp:term":[{"taxonomy":"product_brand","embeddable":true,"href":"https:\/\/topofclimb.es\/en\/wp-json\/wp\/v2\/product_brand?post=17900"},{"taxonomy":"product_cat","embeddable":true,"href":"https:\/\/topofclimb.es\/en\/wp-json\/wp\/v2\/product_cat?post=17900"},{"taxonomy":"product_tag","embeddable":true,"href":"https:\/\/topofclimb.es\/en\/wp-json\/wp\/v2\/product_tag?post=17900"}],"curies":[{"name":"wp","href":"https:\/\/api.w.org\/{rel}","templated":true}]}}