{"id":17897,"date":"2026-02-03T10:11:57","date_gmt":"2026-02-03T10:11:57","guid":{"rendered":"https:\/\/topofclimb.es\/?post_type=product&#038;p=17897"},"modified":"2026-02-03T10:11:57","modified_gmt":"2026-02-03T10:11:57","slug":"gorra-de-beisbol-remove-before-flight","status":"publish","type":"product","link":"https:\/\/topofclimb.es\/en\/product\/gorra-de-beisbol-remove-before-flight\/","title":{"rendered":"Gorra de beisbol Remove Before Flight"},"content":{"rendered":"<p>Gorra de b\u00e9isbol hecha de 100% algod\u00f3n.<br \/>\nLa gorra es ajustable, y, tiene una impresi\u00f3n en la parte frontal de la gorra.<\/p>","protected":false},"excerpt":{"rendered":"<p>Gorra de b\u00e9isbol hecha de 100% algod\u00f3n. La gorra es ajustable, y, tiene una impresi\u00f3n en la parte frontal de la gorra.<\/p>","protected":false},"featured_media":17898,"template":"","meta":[],"product_brand":[],"product_cat":[109,70],"product_tag":[110,252],"class_list":{"0":"post-17897","1":"product","2":"type-product","3":"status-publish","4":"has-post-thumbnail","6":"product_cat-gorras","7":"product_cat-ropa-sport","8":"product_tag-gorra","9":"product_tag-removeflight","11":"first","12":"instock","13":"taxable","14":"shipping-taxable","15":"purchasable","16":"product-type-simple"},"_links":{"self":[{"href":"https:\/\/topofclimb.es\/en\/wp-json\/wp\/v2\/product\/17897","targetHints":{"allow":["GET"]}}],"collection":[{"href":"https:\/\/topofclimb.es\/en\/wp-json\/wp\/v2\/product"}],"about":[{"href":"https:\/\/topofclimb.es\/en\/wp-json\/wp\/v2\/types\/product"}],"wp:featuredmedia":[{"embeddable":true,"href":"https:\/\/topofclimb.es\/en\/wp-json\/wp\/v2\/media\/17898"}],"wp:attachment":[{"href":"https:\/\/topofclimb.es\/en\/wp-json\/wp\/v2\/media?parent=17897"}],"wp:term":[{"taxonomy":"product_brand","embeddable":true,"href":"https:\/\/topofclimb.es\/en\/wp-json\/wp\/v2\/product_brand?post=17897"},{"taxonomy":"product_cat","embeddable":true,"href":"https:\/\/topofclimb.es\/en\/wp-json\/wp\/v2\/product_cat?post=17897"},{"taxonomy":"product_tag","embeddable":true,"href":"https:\/\/topofclimb.es\/en\/wp-json\/wp\/v2\/product_tag?post=17897"}],"curies":[{"name":"wp","href":"https:\/\/api.w.org\/{rel}","templated":true}]}}