{"id":17783,"date":"2025-12-18T16:51:48","date_gmt":"2025-12-18T16:51:48","guid":{"rendered":"https:\/\/topofclimb.es\/?post_type=product&#038;p=17783"},"modified":"2026-03-24T14:20:38","modified_gmt":"2026-03-24T14:20:38","slug":"parche-nylon-3d-umaer","status":"publish","type":"product","link":"https:\/\/topofclimb.es\/en\/product\/parche-nylon-3d-umaer\/","title":{"rendered":"Parche Nylon 3D UMAER"},"content":{"rendered":"<p>La misi\u00f3n primordial de la UMAER es la aeroevacuaci\u00f3n de bajas en aeronaves del Ej\u00e9rcito del Aire y del Espacio integrados como parte de la tripulaci\u00f3n de la aeronave. Se trata de aeroevacuaciones avanzadas, t\u00e1cticas y estrat\u00e9gicas, tanto en territorio nacional como internacional, que garanticen el transporte y estabilizaci\u00f3n de bajas en caso necesario. Se realizan con los medios a\u00e9reos del Ej\u00e9rcito del Aire y del Espacio<\/p>","protected":false},"excerpt":{"rendered":"<p>La misi\u00f3n primordial de la UMAER es la aeroevacuaci\u00f3n de bajas en aeronaves del Ej\u00e9rcito del Aire y del Espacio integrados como parte de la tripulaci\u00f3n de la aeronave. Se trata de aeroevacuaciones avanzadas, t\u00e1cticas y estrat\u00e9gicas, tanto en territorio nacional como internacional, que garanticen el transporte y estabilizaci\u00f3n de bajas en caso necesario. Se [&#8230;]\n","protected":false},"featured_media":17784,"template":"","meta":[],"product_brand":[],"product_cat":[174],"product_tag":[],"class_list":{"0":"post-17783","1":"product","2":"type-product","3":"status-publish","4":"has-post-thumbnail","6":"product_cat-parches","8":"first","9":"instock","10":"taxable","11":"shipping-taxable","12":"purchasable","13":"product-type-simple"},"_links":{"self":[{"href":"https:\/\/topofclimb.es\/en\/wp-json\/wp\/v2\/product\/17783","targetHints":{"allow":["GET"]}}],"collection":[{"href":"https:\/\/topofclimb.es\/en\/wp-json\/wp\/v2\/product"}],"about":[{"href":"https:\/\/topofclimb.es\/en\/wp-json\/wp\/v2\/types\/product"}],"wp:featuredmedia":[{"embeddable":true,"href":"https:\/\/topofclimb.es\/en\/wp-json\/wp\/v2\/media\/17784"}],"wp:attachment":[{"href":"https:\/\/topofclimb.es\/en\/wp-json\/wp\/v2\/media?parent=17783"}],"wp:term":[{"taxonomy":"product_brand","embeddable":true,"href":"https:\/\/topofclimb.es\/en\/wp-json\/wp\/v2\/product_brand?post=17783"},{"taxonomy":"product_cat","embeddable":true,"href":"https:\/\/topofclimb.es\/en\/wp-json\/wp\/v2\/product_cat?post=17783"},{"taxonomy":"product_tag","embeddable":true,"href":"https:\/\/topofclimb.es\/en\/wp-json\/wp\/v2\/product_tag?post=17783"}],"curies":[{"name":"wp","href":"https:\/\/api.w.org\/{rel}","templated":true}]}}