{"id":17771,"date":"2025-12-18T15:46:37","date_gmt":"2025-12-18T15:46:37","guid":{"rendered":"https:\/\/topofclimb.es\/?post_type=product&#038;p=17771"},"modified":"2026-02-04T13:41:53","modified_gmt":"2026-02-04T13:41:53","slug":"parche-bordado-cruz-de-borgona","status":"publish","type":"product","link":"https:\/\/topofclimb.es\/en\/product\/parche-bordado-cruz-de-borgona\/","title":{"rendered":"Parche bordado Cruz de Borgo\u00f1a"},"content":{"rendered":"<p>Parche bordado de 78x48mm con el dise\u00f1o de la Cruz de Borgo\u00f1a. Personaliza tus prendas con este s\u00edmbolo hist\u00f3rico espa\u00f1ol.<\/p>","protected":false},"excerpt":{"rendered":"<p>Parche bordado de 78x48mm con el dise\u00f1o de la Cruz de Borgo\u00f1a. Personaliza tus prendas con este s\u00edmbolo hist\u00f3rico espa\u00f1ol.<\/p>","protected":false},"featured_media":17772,"template":"","meta":[],"product_brand":[],"product_cat":[174],"product_tag":[],"class_list":{"0":"post-17771","1":"product","2":"type-product","3":"status-publish","4":"has-post-thumbnail","6":"product_cat-parches","8":"first","9":"instock","10":"taxable","11":"shipping-taxable","12":"purchasable","13":"product-type-simple"},"_links":{"self":[{"href":"https:\/\/topofclimb.es\/en\/wp-json\/wp\/v2\/product\/17771","targetHints":{"allow":["GET"]}}],"collection":[{"href":"https:\/\/topofclimb.es\/en\/wp-json\/wp\/v2\/product"}],"about":[{"href":"https:\/\/topofclimb.es\/en\/wp-json\/wp\/v2\/types\/product"}],"wp:featuredmedia":[{"embeddable":true,"href":"https:\/\/topofclimb.es\/en\/wp-json\/wp\/v2\/media\/17772"}],"wp:attachment":[{"href":"https:\/\/topofclimb.es\/en\/wp-json\/wp\/v2\/media?parent=17771"}],"wp:term":[{"taxonomy":"product_brand","embeddable":true,"href":"https:\/\/topofclimb.es\/en\/wp-json\/wp\/v2\/product_brand?post=17771"},{"taxonomy":"product_cat","embeddable":true,"href":"https:\/\/topofclimb.es\/en\/wp-json\/wp\/v2\/product_cat?post=17771"},{"taxonomy":"product_tag","embeddable":true,"href":"https:\/\/topofclimb.es\/en\/wp-json\/wp\/v2\/product_tag?post=17771"}],"curies":[{"name":"wp","href":"https:\/\/api.w.org\/{rel}","templated":true}]}}